{"id":14,"date":"2024-04-10T19:33:29","date_gmt":"2024-04-10T19:33:29","guid":{"rendered":"https:\/\/olislave.infoel.ro\/?page_id=14"},"modified":"2024-04-28T09:55:14","modified_gmt":"2024-04-28T09:55:14","slug":"acasa","status":"publish","type":"page","link":"https:\/\/olislave.infoel.ro\/","title":{"rendered":"Acasa"},"content":{"rendered":"\t\t<div data-elementor-type=\"wp-page\" data-elementor-id=\"14\" class=\"elementor elementor-14\">\n\t\t\t\t<div class=\"elementor-element elementor-element-73866e9 e-flex e-con-boxed e-con e-parent\" data-id=\"73866e9\" data-element_type=\"container\" data-e-type=\"container\">\n\t\t\t\t\t<div class=\"e-con-inner\">\n\t\t\t\t<div class=\"elementor-element elementor-element-e07cd9d elementor-widget elementor-widget-image\" data-id=\"e07cd9d\" data-element_type=\"widget\" data-e-type=\"widget\" data-widget_type=\"image.default\">\n\t\t\t\t<div class=\"elementor-widget-container\">\n\t\t\t\t\t\t\t\t\t\t\t\t\t\t\t<img fetchpriority=\"high\" decoding=\"async\" width=\"1024\" height=\"423\" src=\"https:\/\/olislave.infoel.ro\/wp-content\/uploads\/2024\/04\/main-pgs-1024x423.png\" class=\"attachment-large size-large wp-image-150\" alt=\"\" srcset=\"https:\/\/olislave.infoel.ro\/wp-content\/uploads\/2024\/04\/main-pgs-1024x423.png 1024w, https:\/\/olislave.infoel.ro\/wp-content\/uploads\/2024\/04\/main-pgs-300x124.png 300w, https:\/\/olislave.infoel.ro\/wp-content\/uploads\/2024\/04\/main-pgs-768x317.png 768w, https:\/\/olislave.infoel.ro\/wp-content\/uploads\/2024\/04\/main-pgs-1536x634.png 1536w, https:\/\/olislave.infoel.ro\/wp-content\/uploads\/2024\/04\/main-pgs.png 1725w\" sizes=\"(max-width: 1024px) 100vw, 1024px\" \/>\t\t\t\t\t\t\t\t\t\t\t\t\t\t\t<\/div>\n\t\t\t\t<\/div>\n\t\t\t\t<div class=\"elementor-element elementor-element-cc3e886 elementor-widget-divider--view-line elementor-widget elementor-widget-divider\" data-id=\"cc3e886\" data-element_type=\"widget\" data-e-type=\"widget\" data-widget_type=\"divider.default\">\n\t\t\t\t<div class=\"elementor-widget-container\">\n\t\t\t\t\t\t\t<div class=\"elementor-divider\">\n\t\t\t<span class=\"elementor-divider-separator\">\n\t\t\t\t\t\t<\/span>\n\t\t<\/div>\n\t\t\t\t\t\t<\/div>\n\t\t\t\t<\/div>\n\t\t\t\t\t<\/div>\n\t\t\t\t<\/div>\n\t\t<div class=\"elementor-element elementor-element-0fe25a5 e-flex e-con-boxed e-con e-parent\" data-id=\"0fe25a5\" data-element_type=\"container\" data-e-type=\"container\">\n\t\t\t\t\t<div class=\"e-con-inner\">\n\t\t<div class=\"elementor-element elementor-element-f2caec0 e-con-full e-flex e-con e-child\" data-id=\"f2caec0\" data-element_type=\"container\" data-e-type=\"container\">\n\t\t\t\t<div class=\"elementor-element elementor-element-3e829ff elementor-widget elementor-widget-text-editor\" data-id=\"3e829ff\" data-element_type=\"widget\" data-e-type=\"widget\" data-widget_type=\"text-editor.default\">\n\t\t\t\t<div class=\"elementor-widget-container\">\n\t\t\t\t\t\t\t\t\t<h2 style=\"text-align: center;\">Educa\u021bia nu \u00eenseam\u0103 preg\u0103tire pentru via\u021b\u0103; educa\u021bia este via\u021b\u0103 \u00eens\u0103\u0219i.<\/h2><h2 style=\"text-align: center;\">&#8211;<\/h2><h2 style=\"text-align: center;\">John Dewey<\/h2>\t\t\t\t\t\t\t\t<\/div>\n\t\t\t\t<\/div>\n\t\t\t\t<\/div>\n\t\t<div class=\"elementor-element elementor-element-efae022 e-con-full e-flex e-con e-child\" data-id=\"efae022\" data-element_type=\"container\" data-e-type=\"container\">\n\t\t\t\t<div class=\"elementor-element elementor-element-806382f elementor-widget elementor-widget-google_maps\" data-id=\"806382f\" data-element_type=\"widget\" data-e-type=\"widget\" data-widget_type=\"google_maps.default\">\n\t\t\t\t<div class=\"elementor-widget-container\">\n\t\t\t\t\t\t\t<div class=\"elementor-custom-embed\">\n\t\t\t<iframe loading=\"lazy\"\n\t\t\t\t\tsrc=\"https:\/\/maps.google.com\/maps?q=Colegiul%20Tehnic%20INFOEL%2C%20Bistri%C8%9Ba&#038;t=m&#038;z=13&#038;output=embed&#038;iwloc=near\"\n\t\t\t\t\ttitle=\"Colegiul Tehnic INFOEL, Bistri\u021ba\"\n\t\t\t\t\taria-label=\"Colegiul Tehnic INFOEL, Bistri\u021ba\"\n\t\t\t><\/iframe>\n\t\t<\/div>\n\t\t\t\t\t\t<\/div>\n\t\t\t\t<\/div>\n\t\t\t\t<\/div>\n\t\t\t\t\t<\/div>\n\t\t\t\t<\/div>\n\t\t\t\t<\/div>\n\t\t","protected":false},"excerpt":{"rendered":"<p>Educa\u021bia nu \u00eenseam\u0103 preg\u0103tire pentru via\u021b\u0103; educa\u021bia este via\u021b\u0103 \u00eens\u0103\u0219i. &#8211; John Dewey<\/p>\n","protected":false},"author":2,"featured_media":0,"parent":0,"menu_order":0,"comment_status":"closed","ping_status":"closed","template":"","meta":{"footnotes":""},"class_list":["post-14","page","type-page","status-publish","hentry"],"yoast_head":"<!-- This site is optimized with the Yoast SEO plugin v22.5 - https:\/\/yoast.com\/wordpress\/plugins\/seo\/ -->\n<title>Acasa - Olimpiada Na\u0163ional\u0103 de Limbi Slave Materne 2024<\/title>\n<meta name=\"description\" content=\"Olimpiada nationala de limbi slave materne: ceha, sarba, slovaca - 2024\" \/>\n<meta name=\"robots\" content=\"index, follow, max-snippet:-1, max-image-preview:large, max-video-preview:-1\" \/>\n<link rel=\"canonical\" href=\"https:\/\/olislave.infoel.ro\/\" \/>\n<meta property=\"og:locale\" content=\"en_US\" \/>\n<meta property=\"og:type\" content=\"article\" \/>\n<meta property=\"og:title\" content=\"Acasa - Olimpiada Na\u0163ional\u0103 de Limbi Slave Materne 2024\" \/>\n<meta property=\"og:description\" content=\"Olimpiada nationala de limbi slave materne: ceha, sarba, slovaca - 2024\" \/>\n<meta property=\"og:url\" content=\"https:\/\/olislave.infoel.ro\/\" \/>\n<meta property=\"og:site_name\" content=\"Olimpiada Na\u0163ional\u0103 de Limbi Slave Materne 2024\" \/>\n<meta property=\"article:modified_time\" content=\"2024-04-28T09:55:14+00:00\" \/>\n<meta property=\"og:image\" content=\"http:\/\/olislave.infoel.ro\/wp-content\/uploads\/2024\/04\/main-pgs-1024x423.png\" \/>\n<meta name=\"twitter:card\" content=\"summary_large_image\" \/>\n<meta name=\"twitter:label1\" content=\"Est. reading time\" \/>\n\t<meta name=\"twitter:data1\" content=\"1 minute\" \/>\n<script type=\"application\/ld+json\" class=\"yoast-schema-graph\">{\"@context\":\"https:\/\/schema.org\",\"@graph\":[{\"@type\":\"WebPage\",\"@id\":\"https:\/\/olislave.infoel.ro\/\",\"url\":\"https:\/\/olislave.infoel.ro\/\",\"name\":\"Acasa - Olimpiada Na\u0163ional\u0103 de Limbi Slave Materne 2024\",\"isPartOf\":{\"@id\":\"https:\/\/olislave.infoel.ro\/#website\"},\"primaryImageOfPage\":{\"@id\":\"https:\/\/olislave.infoel.ro\/#primaryimage\"},\"image\":{\"@id\":\"https:\/\/olislave.infoel.ro\/#primaryimage\"},\"thumbnailUrl\":\"http:\/\/olislave.infoel.ro\/wp-content\/uploads\/2024\/04\/main-pgs-1024x423.png\",\"datePublished\":\"2024-04-10T19:33:29+00:00\",\"dateModified\":\"2024-04-28T09:55:14+00:00\",\"description\":\"Olimpiada nationala de limbi slave materne: ceha, sarba, slovaca - 2024\",\"breadcrumb\":{\"@id\":\"https:\/\/olislave.infoel.ro\/#breadcrumb\"},\"inLanguage\":\"en-US\",\"potentialAction\":[{\"@type\":\"ReadAction\",\"target\":[\"https:\/\/olislave.infoel.ro\/\"]}]},{\"@type\":\"ImageObject\",\"inLanguage\":\"en-US\",\"@id\":\"https:\/\/olislave.infoel.ro\/#primaryimage\",\"url\":\"https:\/\/olislave.infoel.ro\/wp-content\/uploads\/2024\/04\/main-pgs.png\",\"contentUrl\":\"https:\/\/olislave.infoel.ro\/wp-content\/uploads\/2024\/04\/main-pgs.png\",\"width\":1725,\"height\":712},{\"@type\":\"BreadcrumbList\",\"@id\":\"https:\/\/olislave.infoel.ro\/#breadcrumb\",\"itemListElement\":[{\"@type\":\"ListItem\",\"position\":1,\"name\":\"Home\",\"item\":\"https:\/\/olislave.infoel.ro\/\"},{\"@type\":\"ListItem\",\"position\":2,\"name\":\"Acasa\"}]},{\"@type\":\"WebSite\",\"@id\":\"https:\/\/olislave.infoel.ro\/#website\",\"url\":\"https:\/\/olislave.infoel.ro\/\",\"name\":\"Olimpiada Na\u0163ional\u0103 de Limbi Slave Materne 2024\",\"description\":\"Olimpiada na\u021bional\u0103 de limbi slave materne: ceh\u0103, s\u00e2rb\u0103, slovac\u0103 - 2024\",\"publisher\":{\"@id\":\"https:\/\/olislave.infoel.ro\/#organization\"},\"alternateName\":\"Olimpiada nationala de limbi slave materne: ceha, sarba, slovaca - 2024\",\"potentialAction\":[{\"@type\":\"SearchAction\",\"target\":{\"@type\":\"EntryPoint\",\"urlTemplate\":\"https:\/\/olislave.infoel.ro\/?s={search_term_string}\"},\"query-input\":\"required name=search_term_string\"}],\"inLanguage\":\"en-US\"},{\"@type\":\"Organization\",\"@id\":\"https:\/\/olislave.infoel.ro\/#organization\",\"name\":\"Olimpiada Na\u0163ional\u0103 de Limbi Slave Materne 2024\",\"url\":\"https:\/\/olislave.infoel.ro\/\",\"logo\":{\"@type\":\"ImageObject\",\"inLanguage\":\"en-US\",\"@id\":\"https:\/\/olislave.infoel.ro\/#\/schema\/logo\/image\/\",\"url\":\"http:\/\/olislave.infoel.ro\/wp-content\/uploads\/2024\/04\/logo-bg-remove.png\",\"contentUrl\":\"http:\/\/olislave.infoel.ro\/wp-content\/uploads\/2024\/04\/logo-bg-remove.png\",\"width\":1209,\"height\":865,\"caption\":\"Olimpiada Na\u0163ional\u0103 de Limbi Slave Materne 2024\"},\"image\":{\"@id\":\"https:\/\/olislave.infoel.ro\/#\/schema\/logo\/image\/\"}}]}<\/script>\n<!-- \/ Yoast SEO plugin. -->","yoast_head_json":{"title":"Acasa - Olimpiada Na\u0163ional\u0103 de Limbi Slave Materne 2024","description":"Olimpiada nationala de limbi slave materne: ceha, sarba, slovaca - 2024","robots":{"index":"index","follow":"follow","max-snippet":"max-snippet:-1","max-image-preview":"max-image-preview:large","max-video-preview":"max-video-preview:-1"},"canonical":"https:\/\/olislave.infoel.ro\/","og_locale":"en_US","og_type":"article","og_title":"Acasa - Olimpiada Na\u0163ional\u0103 de Limbi Slave Materne 2024","og_description":"Olimpiada nationala de limbi slave materne: ceha, sarba, slovaca - 2024","og_url":"https:\/\/olislave.infoel.ro\/","og_site_name":"Olimpiada Na\u0163ional\u0103 de Limbi Slave Materne 2024","article_modified_time":"2024-04-28T09:55:14+00:00","og_image":[{"url":"http:\/\/olislave.infoel.ro\/wp-content\/uploads\/2024\/04\/main-pgs-1024x423.png"}],"twitter_card":"summary_large_image","twitter_misc":{"Est. reading time":"1 minute"},"schema":{"@context":"https:\/\/schema.org","@graph":[{"@type":"WebPage","@id":"https:\/\/olislave.infoel.ro\/","url":"https:\/\/olislave.infoel.ro\/","name":"Acasa - Olimpiada Na\u0163ional\u0103 de Limbi Slave Materne 2024","isPartOf":{"@id":"https:\/\/olislave.infoel.ro\/#website"},"primaryImageOfPage":{"@id":"https:\/\/olislave.infoel.ro\/#primaryimage"},"image":{"@id":"https:\/\/olislave.infoel.ro\/#primaryimage"},"thumbnailUrl":"http:\/\/olislave.infoel.ro\/wp-content\/uploads\/2024\/04\/main-pgs-1024x423.png","datePublished":"2024-04-10T19:33:29+00:00","dateModified":"2024-04-28T09:55:14+00:00","description":"Olimpiada nationala de limbi slave materne: ceha, sarba, slovaca - 2024","breadcrumb":{"@id":"https:\/\/olislave.infoel.ro\/#breadcrumb"},"inLanguage":"en-US","potentialAction":[{"@type":"ReadAction","target":["https:\/\/olislave.infoel.ro\/"]}]},{"@type":"ImageObject","inLanguage":"en-US","@id":"https:\/\/olislave.infoel.ro\/#primaryimage","url":"https:\/\/olislave.infoel.ro\/wp-content\/uploads\/2024\/04\/main-pgs.png","contentUrl":"https:\/\/olislave.infoel.ro\/wp-content\/uploads\/2024\/04\/main-pgs.png","width":1725,"height":712},{"@type":"BreadcrumbList","@id":"https:\/\/olislave.infoel.ro\/#breadcrumb","itemListElement":[{"@type":"ListItem","position":1,"name":"Home","item":"https:\/\/olislave.infoel.ro\/"},{"@type":"ListItem","position":2,"name":"Acasa"}]},{"@type":"WebSite","@id":"https:\/\/olislave.infoel.ro\/#website","url":"https:\/\/olislave.infoel.ro\/","name":"Olimpiada Na\u0163ional\u0103 de Limbi Slave Materne 2024","description":"Olimpiada na\u021bional\u0103 de limbi slave materne: ceh\u0103, s\u00e2rb\u0103, slovac\u0103 - 2024","publisher":{"@id":"https:\/\/olislave.infoel.ro\/#organization"},"alternateName":"Olimpiada nationala de limbi slave materne: ceha, sarba, slovaca - 2024","potentialAction":[{"@type":"SearchAction","target":{"@type":"EntryPoint","urlTemplate":"https:\/\/olislave.infoel.ro\/?s={search_term_string}"},"query-input":"required name=search_term_string"}],"inLanguage":"en-US"},{"@type":"Organization","@id":"https:\/\/olislave.infoel.ro\/#organization","name":"Olimpiada Na\u0163ional\u0103 de Limbi Slave Materne 2024","url":"https:\/\/olislave.infoel.ro\/","logo":{"@type":"ImageObject","inLanguage":"en-US","@id":"https:\/\/olislave.infoel.ro\/#\/schema\/logo\/image\/","url":"http:\/\/olislave.infoel.ro\/wp-content\/uploads\/2024\/04\/logo-bg-remove.png","contentUrl":"http:\/\/olislave.infoel.ro\/wp-content\/uploads\/2024\/04\/logo-bg-remove.png","width":1209,"height":865,"caption":"Olimpiada Na\u0163ional\u0103 de Limbi Slave Materne 2024"},"image":{"@id":"https:\/\/olislave.infoel.ro\/#\/schema\/logo\/image\/"}}]}},"_links":{"self":[{"href":"https:\/\/olislave.infoel.ro\/index.php\/wp-json\/wp\/v2\/pages\/14","targetHints":{"allow":["GET"]}}],"collection":[{"href":"https:\/\/olislave.infoel.ro\/index.php\/wp-json\/wp\/v2\/pages"}],"about":[{"href":"https:\/\/olislave.infoel.ro\/index.php\/wp-json\/wp\/v2\/types\/page"}],"author":[{"embeddable":true,"href":"https:\/\/olislave.infoel.ro\/index.php\/wp-json\/wp\/v2\/users\/2"}],"replies":[{"embeddable":true,"href":"https:\/\/olislave.infoel.ro\/index.php\/wp-json\/wp\/v2\/comments?post=14"}],"version-history":[{"count":43,"href":"https:\/\/olislave.infoel.ro\/index.php\/wp-json\/wp\/v2\/pages\/14\/revisions"}],"predecessor-version":[{"id":319,"href":"https:\/\/olislave.infoel.ro\/index.php\/wp-json\/wp\/v2\/pages\/14\/revisions\/319"}],"wp:attachment":[{"href":"https:\/\/olislave.infoel.ro\/index.php\/wp-json\/wp\/v2\/media?parent=14"}],"curies":[{"name":"wp","href":"https:\/\/api.w.org\/{rel}","templated":true}]}}