{"id":224,"date":"2024-04-27T17:45:44","date_gmt":"2024-04-27T17:45:44","guid":{"rendered":"https:\/\/olislave.infoel.ro\/?page_id=224"},"modified":"2024-04-28T10:29:22","modified_gmt":"2024-04-28T10:29:22","slug":"rezultate-ceha","status":"publish","type":"page","link":"https:\/\/olislave.infoel.ro\/index.php\/rezultate-ceha\/","title":{"rendered":"Rezultate Ceh\u0103"},"content":{"rendered":"\t\t<div data-elementor-type=\"wp-page\" data-elementor-id=\"224\" class=\"elementor elementor-224\">\n\t\t\t\t<div class=\"elementor-element elementor-element-d767703 e-flex e-con-boxed e-con e-parent\" data-id=\"d767703\" data-element_type=\"container\" data-e-type=\"container\">\n\t\t\t\t\t<div class=\"e-con-inner\">\n\t\t\t\t<div class=\"elementor-element elementor-element-9fa1edc elementor-widget elementor-widget-shortcode\" data-id=\"9fa1edc\" data-element_type=\"widget\" data-e-type=\"widget\" data-widget_type=\"shortcode.default\">\n\t\t\t\t<div class=\"elementor-widget-container\">\n\t\t\t\t\t\t\t<div class=\"elementor-shortcode\">\n<table id=\"tablepress-8\" class=\"tablepress tablepress-id-8\">\n<thead>\n<tr class=\"row-1\">\n\t<th class=\"column-1\"><strong>COD CANDIDAT<\/strong><\/th><th class=\"column-2\"><strong>PUNCTAJ FINAL<\/strong><\/th><th class=\"column-3\"><strong>CLASAMENT<\/strong><\/th><th class=\"column-4\"><strong>CLASA<\/strong><\/th>\n<\/tr>\n<\/thead>\n<tbody class=\"row-striping row-hover\">\n<tr class=\"row-2\">\n\t<td class=\"column-1\">BNOLN152<\/td><td class=\"column-2\">96<\/td><td class=\"column-3\">I<\/td><td class=\"column-4\">a V-a<\/td>\n<\/tr>\n<tr class=\"row-3\">\n\t<td class=\"column-1\">BNOLN150<\/td><td class=\"column-2\">90<\/td><td class=\"column-3\">II<\/td><td class=\"column-4\">a V-a<\/td>\n<\/tr>\n<tr class=\"row-4\">\n\t<td class=\"column-1\">BNOLN154<\/td><td class=\"column-2\">88<\/td><td class=\"column-3\">III<\/td><td class=\"column-4\">a V-a<\/td>\n<\/tr>\n<tr class=\"row-5\">\n\t<td class=\"column-1\">BNOLN151<\/td><td class=\"column-2\">81<\/td><td class=\"column-3\">MEN\u021aIUNE<\/td><td class=\"column-4\">a V-a<\/td>\n<\/tr>\n<tr class=\"row-6\">\n\t<td class=\"column-1\">BNOLN153<\/td><td class=\"column-2\">66<\/td><td class=\"column-3\"><\/td><td class=\"column-4\">a V-a<\/td>\n<\/tr>\n<tr class=\"row-7\">\n\t<td class=\"column-1\">BNOLN162<\/td><td class=\"column-2\">97<\/td><td class=\"column-3\">I<\/td><td class=\"column-4\">a VI-a<\/td>\n<\/tr>\n<tr class=\"row-8\">\n\t<td class=\"column-1\">BNOLN161<\/td><td class=\"column-2\">90<\/td><td class=\"column-3\">II<\/td><td class=\"column-4\">a VI-a<\/td>\n<\/tr>\n<tr class=\"row-9\">\n\t<td class=\"column-1\">BNOLN160<\/td><td class=\"column-2\">86<\/td><td class=\"column-3\">III<\/td><td class=\"column-4\">a VI-a<\/td>\n<\/tr>\n<tr class=\"row-10\">\n\t<td class=\"column-1\">BNOLN163<\/td><td class=\"column-2\">80<\/td><td class=\"column-3\">MEN\u021aIUNE<\/td><td class=\"column-4\">a VI-a<\/td>\n<\/tr>\n<tr class=\"row-11\">\n\t<td class=\"column-1\">BNOLN169<\/td><td class=\"column-2\">100<\/td><td class=\"column-3\">I<\/td><td class=\"column-4\">a VII-a<\/td>\n<\/tr>\n<tr class=\"row-12\">\n\t<td class=\"column-1\">BNOLN170<\/td><td class=\"column-2\">99<\/td><td class=\"column-3\">II<\/td><td class=\"column-4\">a VII-a<\/td>\n<\/tr>\n<tr class=\"row-13\">\n\t<td class=\"column-1\">BNOLN164<\/td><td class=\"column-2\">95<\/td><td class=\"column-3\">III<\/td><td class=\"column-4\">a VII-a<\/td>\n<\/tr>\n<tr class=\"row-14\">\n\t<td class=\"column-1\">BNOLN165<\/td><td class=\"column-2\">93<\/td><td class=\"column-3\">MEN\u021aIUNE<\/td><td class=\"column-4\">a VII-a<\/td>\n<\/tr>\n<tr class=\"row-15\">\n\t<td class=\"column-1\">BNOLN166<\/td><td class=\"column-2\">91<\/td><td class=\"column-3\"><\/td><td class=\"column-4\">a VII-a<\/td>\n<\/tr>\n<tr class=\"row-16\">\n\t<td class=\"column-1\">BNOLN168<\/td><td class=\"column-2\">77<\/td><td class=\"column-3\"><\/td><td class=\"column-4\">a VII-a<\/td>\n<\/tr>\n<tr class=\"row-17\">\n\t<td class=\"column-1\">BNOLN171<\/td><td class=\"column-2\">84<\/td><td class=\"column-3\"><\/td><td class=\"column-4\">a VII-a<\/td>\n<\/tr>\n<tr class=\"row-18\">\n\t<td class=\"column-1\">BNOLN167<\/td><td class=\"column-2\">89<\/td><td class=\"column-3\"><\/td><td class=\"column-4\">a VII-a<\/td>\n<\/tr>\n<tr class=\"row-19\">\n\t<td class=\"column-1\">BNOLN159<\/td><td class=\"column-2\">98<\/td><td class=\"column-3\">I<\/td><td class=\"column-4\">a VIII-a<\/td>\n<\/tr>\n<tr class=\"row-20\">\n\t<td class=\"column-1\">BNOLN157<\/td><td class=\"column-2\">96<\/td><td class=\"column-3\">II<\/td><td class=\"column-4\">a VIII-a<\/td>\n<\/tr>\n<tr class=\"row-21\">\n\t<td class=\"column-1\">BNOLN155<\/td><td class=\"column-2\">93<\/td><td class=\"column-3\">III<\/td><td class=\"column-4\">a VIII-a<\/td>\n<\/tr>\n<tr class=\"row-22\">\n\t<td class=\"column-1\">BNOLN156<\/td><td class=\"column-2\">91<\/td><td class=\"column-3\">MEN\u021aIUNE<\/td><td class=\"column-4\">a VIII-a<\/td>\n<\/tr>\n<tr class=\"row-23\">\n\t<td class=\"column-1\">BNOLN158<\/td><td class=\"column-2\">86<\/td><td class=\"column-3\"><\/td><td class=\"column-4\">a VIII-a<\/td>\n<\/tr>\n<tr class=\"row-24\">\n\t<td class=\"column-1\">BNOLN172<\/td><td class=\"column-2\">98<\/td><td class=\"column-3\">I<\/td><td class=\"column-4\">a IX-a<\/td>\n<\/tr>\n<tr class=\"row-25\">\n\t<td class=\"column-1\">BNOLN176<\/td><td class=\"column-2\">96<\/td><td class=\"column-3\">II<\/td><td class=\"column-4\">a IX-a<\/td>\n<\/tr>\n<tr class=\"row-26\">\n\t<td class=\"column-1\">BNOLN175<\/td><td class=\"column-2\">95<\/td><td class=\"column-3\">III<\/td><td class=\"column-4\">a IX-a<\/td>\n<\/tr>\n<tr class=\"row-27\">\n\t<td class=\"column-1\">BNOLN173<\/td><td class=\"column-2\">80<\/td><td class=\"column-3\">MEN\u021aIUNE<\/td><td class=\"column-4\">a IX-a<\/td>\n<\/tr>\n<tr class=\"row-28\">\n\t<td class=\"column-1\">BNOLN174<\/td><td class=\"column-2\">73<\/td><td class=\"column-3\"><\/td><td class=\"column-4\">a IX-a<\/td>\n<\/tr>\n<tr class=\"row-29\">\n\t<td class=\"column-1\">BNOLN180<\/td><td class=\"column-2\">100<\/td><td class=\"column-3\">I<\/td><td class=\"column-4\">a X-a<\/td>\n<\/tr>\n<tr class=\"row-30\">\n\t<td class=\"column-1\">BNOLN177<\/td><td class=\"column-2\">90<\/td><td class=\"column-3\">II<\/td><td class=\"column-4\">a X-a<\/td>\n<\/tr>\n<tr class=\"row-31\">\n\t<td class=\"column-1\">BNOLN179<\/td><td class=\"column-2\">87<\/td><td class=\"column-3\">III<\/td><td class=\"column-4\">a X-a<\/td>\n<\/tr>\n<tr class=\"row-32\">\n\t<td class=\"column-1\">BNOLN178<\/td><td class=\"column-2\">70<\/td><td class=\"column-3\">MEN\u021aIUNE<\/td><td class=\"column-4\">a X-a<\/td>\n<\/tr>\n<tr class=\"row-33\">\n\t<td class=\"column-1\">BNOLN184<\/td><td class=\"column-2\">100<\/td><td class=\"column-3\">I<\/td><td class=\"column-4\">a XI-a<\/td>\n<\/tr>\n<tr class=\"row-34\">\n\t<td class=\"column-1\">BNOLN183<\/td><td class=\"column-2\">97<\/td><td class=\"column-3\">II<\/td><td class=\"column-4\">a XI-a<\/td>\n<\/tr>\n<tr class=\"row-35\">\n\t<td class=\"column-1\">BNOLN182<\/td><td class=\"column-2\">92<\/td><td class=\"column-3\">III<\/td><td class=\"column-4\">a XI-a<\/td>\n<\/tr>\n<tr class=\"row-36\">\n\t<td class=\"column-1\">BNOLN185<\/td><td class=\"column-2\">90<\/td><td class=\"column-3\">MEN\u021aIUNE<\/td><td class=\"column-4\">a XI-a<\/td>\n<\/tr>\n<tr class=\"row-37\">\n\t<td class=\"column-1\">BNOLN181<\/td><td class=\"column-2\">63<\/td><td class=\"column-3\"><\/td><td class=\"column-4\">a XI-a<\/td>\n<\/tr>\n<tr class=\"row-38\">\n\t<td class=\"column-1\">BNOLN189<\/td><td class=\"column-2\">94<\/td><td class=\"column-3\">I<\/td><td class=\"column-4\">a XII-a<\/td>\n<\/tr>\n<tr class=\"row-39\">\n\t<td class=\"column-1\">BNOLN188<\/td><td class=\"column-2\">92<\/td><td class=\"column-3\">II<\/td><td class=\"column-4\">a XII-a<\/td>\n<\/tr>\n<tr class=\"row-40\">\n\t<td class=\"column-1\">BNOLN187<\/td><td class=\"column-2\">86<\/td><td class=\"column-3\">III<\/td><td class=\"column-4\">a XII-a<\/td>\n<\/tr>\n<tr class=\"row-41\">\n\t<td class=\"column-1\">BNOLN186<\/td><td class=\"column-2\">82<\/td><td class=\"column-3\">MEN\u021aIUNE<\/td><td class=\"column-4\">a XII-a<\/td>\n<\/tr>\n<\/tbody>\n<\/table>\n<!-- #tablepress-8 from cache --><\/div>\n\t\t\t\t\t\t<\/div>\n\t\t\t\t<\/div>\n\t\t\t\t\t<\/div>\n\t\t\t\t<\/div>\n\t\t\t\t<\/div>\n\t\t","protected":false},"excerpt":{"rendered":"","protected":false},"author":2,"featured_media":0,"parent":0,"menu_order":0,"comment_status":"closed","ping_status":"closed","template":"","meta":{"footnotes":""},"class_list":["post-224","page","type-page","status-publish","hentry"],"yoast_head":"<!-- This site is optimized with the Yoast SEO plugin v22.5 - https:\/\/yoast.com\/wordpress\/plugins\/seo\/ -->\n<title>Rezultate Ceh\u0103 - Olimpiada Na\u0163ional\u0103 de Limbi Slave Materne 2024<\/title>\n<meta name=\"robots\" content=\"index, follow, max-snippet:-1, max-image-preview:large, max-video-preview:-1\" \/>\n<link rel=\"canonical\" href=\"https:\/\/olislave.infoel.ro\/index.php\/rezultate-ceha\/\" \/>\n<meta property=\"og:locale\" content=\"en_US\" \/>\n<meta property=\"og:type\" content=\"article\" \/>\n<meta property=\"og:title\" content=\"Rezultate Ceh\u0103 - Olimpiada Na\u0163ional\u0103 de Limbi Slave Materne 2024\" \/>\n<meta property=\"og:url\" content=\"https:\/\/olislave.infoel.ro\/index.php\/rezultate-ceha\/\" \/>\n<meta property=\"og:site_name\" content=\"Olimpiada Na\u0163ional\u0103 de Limbi Slave Materne 2024\" \/>\n<meta property=\"article:modified_time\" content=\"2024-04-28T10:29:22+00:00\" \/>\n<meta property=\"og:image\" content=\"https:\/\/olislave.infoel.ro\/wp-content\/uploads\/2024\/04\/logo.jpeg\" \/>\n\t<meta property=\"og:image:width\" content=\"1209\" \/>\n\t<meta property=\"og:image:height\" content=\"865\" \/>\n\t<meta property=\"og:image:type\" content=\"image\/jpeg\" \/>\n<meta name=\"twitter:card\" content=\"summary_large_image\" \/>\n<script type=\"application\/ld+json\" class=\"yoast-schema-graph\">{\"@context\":\"https:\/\/schema.org\",\"@graph\":[{\"@type\":\"WebPage\",\"@id\":\"https:\/\/olislave.infoel.ro\/index.php\/rezultate-ceha\/\",\"url\":\"https:\/\/olislave.infoel.ro\/index.php\/rezultate-ceha\/\",\"name\":\"Rezultate Ceh\u0103 - Olimpiada Na\u0163ional\u0103 de Limbi Slave Materne 2024\",\"isPartOf\":{\"@id\":\"https:\/\/olislave.infoel.ro\/#website\"},\"datePublished\":\"2024-04-27T17:45:44+00:00\",\"dateModified\":\"2024-04-28T10:29:22+00:00\",\"breadcrumb\":{\"@id\":\"https:\/\/olislave.infoel.ro\/index.php\/rezultate-ceha\/#breadcrumb\"},\"inLanguage\":\"en-US\",\"potentialAction\":[{\"@type\":\"ReadAction\",\"target\":[\"https:\/\/olislave.infoel.ro\/index.php\/rezultate-ceha\/\"]}]},{\"@type\":\"BreadcrumbList\",\"@id\":\"https:\/\/olislave.infoel.ro\/index.php\/rezultate-ceha\/#breadcrumb\",\"itemListElement\":[{\"@type\":\"ListItem\",\"position\":1,\"name\":\"Home\",\"item\":\"https:\/\/olislave.infoel.ro\/\"},{\"@type\":\"ListItem\",\"position\":2,\"name\":\"Rezultate Ceh\u0103\"}]},{\"@type\":\"WebSite\",\"@id\":\"https:\/\/olislave.infoel.ro\/#website\",\"url\":\"https:\/\/olislave.infoel.ro\/\",\"name\":\"Olimpiada Na\u0163ional\u0103 de Limbi Slave Materne 2024\",\"description\":\"Olimpiada na\u021bional\u0103 de limbi slave materne: ceh\u0103, s\u00e2rb\u0103, slovac\u0103 - 2024\",\"publisher\":{\"@id\":\"https:\/\/olislave.infoel.ro\/#organization\"},\"alternateName\":\"Olimpiada nationala de limbi slave materne: ceha, sarba, slovaca - 2024\",\"potentialAction\":[{\"@type\":\"SearchAction\",\"target\":{\"@type\":\"EntryPoint\",\"urlTemplate\":\"https:\/\/olislave.infoel.ro\/?s={search_term_string}\"},\"query-input\":\"required name=search_term_string\"}],\"inLanguage\":\"en-US\"},{\"@type\":\"Organization\",\"@id\":\"https:\/\/olislave.infoel.ro\/#organization\",\"name\":\"Olimpiada Na\u0163ional\u0103 de Limbi Slave Materne 2024\",\"url\":\"https:\/\/olislave.infoel.ro\/\",\"logo\":{\"@type\":\"ImageObject\",\"inLanguage\":\"en-US\",\"@id\":\"https:\/\/olislave.infoel.ro\/#\/schema\/logo\/image\/\",\"url\":\"http:\/\/olislave.infoel.ro\/wp-content\/uploads\/2024\/04\/logo-bg-remove.png\",\"contentUrl\":\"http:\/\/olislave.infoel.ro\/wp-content\/uploads\/2024\/04\/logo-bg-remove.png\",\"width\":1209,\"height\":865,\"caption\":\"Olimpiada Na\u0163ional\u0103 de Limbi Slave Materne 2024\"},\"image\":{\"@id\":\"https:\/\/olislave.infoel.ro\/#\/schema\/logo\/image\/\"}}]}<\/script>\n<!-- \/ Yoast SEO plugin. -->","yoast_head_json":{"title":"Rezultate Ceh\u0103 - Olimpiada Na\u0163ional\u0103 de Limbi Slave Materne 2024","robots":{"index":"index","follow":"follow","max-snippet":"max-snippet:-1","max-image-preview":"max-image-preview:large","max-video-preview":"max-video-preview:-1"},"canonical":"https:\/\/olislave.infoel.ro\/index.php\/rezultate-ceha\/","og_locale":"en_US","og_type":"article","og_title":"Rezultate Ceh\u0103 - Olimpiada Na\u0163ional\u0103 de Limbi Slave Materne 2024","og_url":"https:\/\/olislave.infoel.ro\/index.php\/rezultate-ceha\/","og_site_name":"Olimpiada Na\u0163ional\u0103 de Limbi Slave Materne 2024","article_modified_time":"2024-04-28T10:29:22+00:00","og_image":[{"width":1209,"height":865,"url":"https:\/\/olislave.infoel.ro\/wp-content\/uploads\/2024\/04\/logo.jpeg","type":"image\/jpeg"}],"twitter_card":"summary_large_image","schema":{"@context":"https:\/\/schema.org","@graph":[{"@type":"WebPage","@id":"https:\/\/olislave.infoel.ro\/index.php\/rezultate-ceha\/","url":"https:\/\/olislave.infoel.ro\/index.php\/rezultate-ceha\/","name":"Rezultate Ceh\u0103 - Olimpiada Na\u0163ional\u0103 de Limbi Slave Materne 2024","isPartOf":{"@id":"https:\/\/olislave.infoel.ro\/#website"},"datePublished":"2024-04-27T17:45:44+00:00","dateModified":"2024-04-28T10:29:22+00:00","breadcrumb":{"@id":"https:\/\/olislave.infoel.ro\/index.php\/rezultate-ceha\/#breadcrumb"},"inLanguage":"en-US","potentialAction":[{"@type":"ReadAction","target":["https:\/\/olislave.infoel.ro\/index.php\/rezultate-ceha\/"]}]},{"@type":"BreadcrumbList","@id":"https:\/\/olislave.infoel.ro\/index.php\/rezultate-ceha\/#breadcrumb","itemListElement":[{"@type":"ListItem","position":1,"name":"Home","item":"https:\/\/olislave.infoel.ro\/"},{"@type":"ListItem","position":2,"name":"Rezultate Ceh\u0103"}]},{"@type":"WebSite","@id":"https:\/\/olislave.infoel.ro\/#website","url":"https:\/\/olislave.infoel.ro\/","name":"Olimpiada Na\u0163ional\u0103 de Limbi Slave Materne 2024","description":"Olimpiada na\u021bional\u0103 de limbi slave materne: ceh\u0103, s\u00e2rb\u0103, slovac\u0103 - 2024","publisher":{"@id":"https:\/\/olislave.infoel.ro\/#organization"},"alternateName":"Olimpiada nationala de limbi slave materne: ceha, sarba, slovaca - 2024","potentialAction":[{"@type":"SearchAction","target":{"@type":"EntryPoint","urlTemplate":"https:\/\/olislave.infoel.ro\/?s={search_term_string}"},"query-input":"required name=search_term_string"}],"inLanguage":"en-US"},{"@type":"Organization","@id":"https:\/\/olislave.infoel.ro\/#organization","name":"Olimpiada Na\u0163ional\u0103 de Limbi Slave Materne 2024","url":"https:\/\/olislave.infoel.ro\/","logo":{"@type":"ImageObject","inLanguage":"en-US","@id":"https:\/\/olislave.infoel.ro\/#\/schema\/logo\/image\/","url":"http:\/\/olislave.infoel.ro\/wp-content\/uploads\/2024\/04\/logo-bg-remove.png","contentUrl":"http:\/\/olislave.infoel.ro\/wp-content\/uploads\/2024\/04\/logo-bg-remove.png","width":1209,"height":865,"caption":"Olimpiada Na\u0163ional\u0103 de Limbi Slave Materne 2024"},"image":{"@id":"https:\/\/olislave.infoel.ro\/#\/schema\/logo\/image\/"}}]}},"_links":{"self":[{"href":"https:\/\/olislave.infoel.ro\/index.php\/wp-json\/wp\/v2\/pages\/224","targetHints":{"allow":["GET"]}}],"collection":[{"href":"https:\/\/olislave.infoel.ro\/index.php\/wp-json\/wp\/v2\/pages"}],"about":[{"href":"https:\/\/olislave.infoel.ro\/index.php\/wp-json\/wp\/v2\/types\/page"}],"author":[{"embeddable":true,"href":"https:\/\/olislave.infoel.ro\/index.php\/wp-json\/wp\/v2\/users\/2"}],"replies":[{"embeddable":true,"href":"https:\/\/olislave.infoel.ro\/index.php\/wp-json\/wp\/v2\/comments?post=224"}],"version-history":[{"count":19,"href":"https:\/\/olislave.infoel.ro\/index.php\/wp-json\/wp\/v2\/pages\/224\/revisions"}],"predecessor-version":[{"id":336,"href":"https:\/\/olislave.infoel.ro\/index.php\/wp-json\/wp\/v2\/pages\/224\/revisions\/336"}],"wp:attachment":[{"href":"https:\/\/olislave.infoel.ro\/index.php\/wp-json\/wp\/v2\/media?parent=224"}],"curies":[{"name":"wp","href":"https:\/\/api.w.org\/{rel}","templated":true}]}}