{"id":229,"date":"2024-04-27T17:46:29","date_gmt":"2024-04-27T17:46:29","guid":{"rendered":"https:\/\/olislave.infoel.ro\/?page_id=229"},"modified":"2024-04-28T10:29:56","modified_gmt":"2024-04-28T10:29:56","slug":"rezultate-sarba","status":"publish","type":"page","link":"https:\/\/olislave.infoel.ro\/index.php\/rezultate-sarba\/","title":{"rendered":"Rezultate S\u00e2rb\u0103"},"content":{"rendered":"\t\t<div data-elementor-type=\"wp-page\" data-elementor-id=\"229\" class=\"elementor elementor-229\">\n\t\t\t\t<div class=\"elementor-element elementor-element-4b800a3 e-flex e-con-boxed e-con e-parent\" data-id=\"4b800a3\" data-element_type=\"container\" data-e-type=\"container\">\n\t\t\t\t\t<div class=\"e-con-inner\">\n\t\t\t\t<div class=\"elementor-element elementor-element-bbfd262 elementor-widget elementor-widget-shortcode\" data-id=\"bbfd262\" data-element_type=\"widget\" data-e-type=\"widget\" data-widget_type=\"shortcode.default\">\n\t\t\t\t<div class=\"elementor-widget-container\">\n\t\t\t\t\t\t\t<div class=\"elementor-shortcode\">\n<table id=\"tablepress-9\" class=\"tablepress tablepress-id-9\">\n<thead>\n<tr class=\"row-1\">\n\t<th class=\"column-1\"><strong>COD CANDIDAT<\/strong><\/th><th class=\"column-2\"><strong>CLASA<\/strong><\/th><th class=\"column-3\"><strong>NOTA FINAL\u0102<\/strong><\/th><th class=\"column-4\"><strong>Clasament<\/strong><\/th><td class=\"column-5\"><\/td>\n<\/tr>\n<\/thead>\n<tbody class=\"row-striping row-hover\">\n<tr class=\"row-2\">\n\t<td class=\"column-1\">BNOLN111<\/td><td class=\"column-2\">a VII-a<\/td><td class=\"column-3\">9.60<\/td><td class=\"column-4\">I<\/td><td class=\"column-5\"><\/td>\n<\/tr>\n<tr class=\"row-3\">\n\t<td class=\"column-1\">BNOLN108<\/td><td class=\"column-2\">a VII-a<\/td><td class=\"column-3\">9.45<\/td><td class=\"column-4\">II<\/td><td class=\"column-5\"><\/td>\n<\/tr>\n<tr class=\"row-4\">\n\t<td class=\"column-1\">BNOLN106<\/td><td class=\"column-2\">a VII-a<\/td><td class=\"column-3\">9.35<\/td><td class=\"column-4\">III<\/td><td class=\"column-5\"><\/td>\n<\/tr>\n<tr class=\"row-5\">\n\t<td class=\"column-1\">BNOLN109<\/td><td class=\"column-2\">a VII-a<\/td><td class=\"column-3\">9.25<\/td><td class=\"column-4\">MEN\u021aIUNE<\/td><td class=\"column-5\"><\/td>\n<\/tr>\n<tr class=\"row-6\">\n\t<td class=\"column-1\">BNOLN107<\/td><td class=\"column-2\">a VII-a<\/td><td class=\"column-3\">9.10<\/td><td class=\"column-4\"><\/td><td class=\"column-5\"><\/td>\n<\/tr>\n<tr class=\"row-7\">\n\t<td class=\"column-1\">BNOLN112<\/td><td class=\"column-2\">a VII-a<\/td><td class=\"column-3\">9.00<\/td><td class=\"column-4\"><\/td><td class=\"column-5\"><\/td>\n<\/tr>\n<tr class=\"row-8\">\n\t<td class=\"column-1\">BNOLN113<\/td><td class=\"column-2\">a VII-a<\/td><td class=\"column-3\">8.50<\/td><td class=\"column-4\"><\/td><td class=\"column-5\"><\/td>\n<\/tr>\n<tr class=\"row-9\">\n\t<td class=\"column-1\">BNOLN110<\/td><td class=\"column-2\">a VII-a<\/td><td class=\"column-3\">7.50<\/td><td class=\"column-4\"><\/td><td class=\"column-5\"><\/td>\n<\/tr>\n<tr class=\"row-10\">\n\t<td class=\"column-1\">BNOLN115<\/td><td class=\"column-2\">a VIII-a<\/td><td class=\"column-3\">9.90<\/td><td class=\"column-4\">I<\/td><td class=\"column-5\"><\/td>\n<\/tr>\n<tr class=\"row-11\">\n\t<td class=\"column-1\">BNOLN120<\/td><td class=\"column-2\">a VIII-a<\/td><td class=\"column-3\">9.75<\/td><td class=\"column-4\">II<\/td><td class=\"column-5\"><\/td>\n<\/tr>\n<tr class=\"row-12\">\n\t<td class=\"column-1\">BNOLN118<\/td><td class=\"column-2\">a VIII-a<\/td><td class=\"column-3\">9.55<\/td><td class=\"column-4\">III<\/td><td class=\"column-5\"><\/td>\n<\/tr>\n<tr class=\"row-13\">\n\t<td class=\"column-1\">BNOLN121<\/td><td class=\"column-2\">a VIII-a<\/td><td class=\"column-3\">9.50<\/td><td class=\"column-4\">MEN\u021aIUNE<\/td><td class=\"column-5\"><\/td>\n<\/tr>\n<tr class=\"row-14\">\n\t<td class=\"column-1\">BNOLN117<\/td><td class=\"column-2\">a VIII-a<\/td><td class=\"column-3\">9.40<\/td><td class=\"column-4\"><\/td><td class=\"column-5\"><\/td>\n<\/tr>\n<tr class=\"row-15\">\n\t<td class=\"column-1\">BNOLN119<\/td><td class=\"column-2\">a VIII-a<\/td><td class=\"column-3\">9.30<\/td><td class=\"column-4\"><\/td><td class=\"column-5\"><\/td>\n<\/tr>\n<tr class=\"row-16\">\n\t<td class=\"column-1\">BNOLN122<\/td><td class=\"column-2\">a VIII-a<\/td><td class=\"column-3\">9.10<\/td><td class=\"column-4\"><\/td><td class=\"column-5\"><\/td>\n<\/tr>\n<tr class=\"row-17\">\n\t<td class=\"column-1\">BNOLN114<\/td><td class=\"column-2\">a VIII-a<\/td><td class=\"column-3\">8.80<\/td><td class=\"column-4\"><\/td><td class=\"column-5\"><\/td>\n<\/tr>\n<tr class=\"row-18\">\n\t<td class=\"column-1\">BNOLN116<\/td><td class=\"column-2\">a VIII-a<\/td><td class=\"column-3\">8.15<\/td><td class=\"column-4\"><\/td><td class=\"column-5\"><\/td>\n<\/tr>\n<tr class=\"row-19\">\n\t<td class=\"column-1\">BNOLN130<\/td><td class=\"column-2\">a IX-a<\/td><td class=\"column-3\">9.80<\/td><td class=\"column-4\">I<\/td><td class=\"column-5\"><\/td>\n<\/tr>\n<tr class=\"row-20\">\n\t<td class=\"column-1\">BNOLN123<\/td><td class=\"column-2\">a IX-a<\/td><td class=\"column-3\">9.55<\/td><td class=\"column-4\">II<\/td><td class=\"column-5\"><\/td>\n<\/tr>\n<tr class=\"row-21\">\n\t<td class=\"column-1\">BNOLN131<\/td><td class=\"column-2\">a IX-a<\/td><td class=\"column-3\">9.20<\/td><td class=\"column-4\">III<\/td><td class=\"column-5\"><\/td>\n<\/tr>\n<tr class=\"row-22\">\n\t<td class=\"column-1\">BNOLN129<\/td><td class=\"column-2\">a IX-a<\/td><td class=\"column-3\">9.15<\/td><td class=\"column-4\">MEN\u021aIUNE<\/td><td class=\"column-5\"><\/td>\n<\/tr>\n<tr class=\"row-23\">\n\t<td class=\"column-1\">BNOLN125<\/td><td class=\"column-2\">a IX-a<\/td><td class=\"column-3\">8.95<\/td><td class=\"column-4\"><\/td><td class=\"column-5\"><\/td>\n<\/tr>\n<tr class=\"row-24\">\n\t<td class=\"column-1\">BNOLN124<\/td><td class=\"column-2\">a IX-a<\/td><td class=\"column-3\">8.70<\/td><td class=\"column-4\"><\/td><td class=\"column-5\"><\/td>\n<\/tr>\n<tr class=\"row-25\">\n\t<td class=\"column-1\">BNOLN127<\/td><td class=\"column-2\">a IX-a<\/td><td class=\"column-3\">8.55<\/td><td class=\"column-4\"><\/td><td class=\"column-5\"><\/td>\n<\/tr>\n<tr class=\"row-26\">\n\t<td class=\"column-1\">BNOLN126<\/td><td class=\"column-2\">a IX-a<\/td><td class=\"column-3\">8.45<\/td><td class=\"column-4\"><\/td><td class=\"column-5\"><\/td>\n<\/tr>\n<tr class=\"row-27\">\n\t<td class=\"column-1\">BNOLN128<\/td><td class=\"column-2\">a IX-a<\/td><td class=\"column-3\">8.00<\/td><td class=\"column-4\"><\/td><td class=\"column-5\"><\/td>\n<\/tr>\n<tr class=\"row-28\">\n\t<td class=\"column-1\">BNOLN137<\/td><td class=\"column-2\">a X-a<\/td><td class=\"column-3\">10.00<\/td><td class=\"column-4\">I<\/td><td class=\"column-5\"><\/td>\n<\/tr>\n<tr class=\"row-29\">\n\t<td class=\"column-1\">BNOLN141<\/td><td class=\"column-2\">a X-a<\/td><td class=\"column-3\">9.85<\/td><td class=\"column-4\">II<\/td><td class=\"column-5\"><\/td>\n<\/tr>\n<tr class=\"row-30\">\n\t<td class=\"column-1\">BNOLN143<\/td><td class=\"column-2\">a X-a<\/td><td class=\"column-3\">9.50<\/td><td class=\"column-4\">III<\/td><td class=\"column-5\"><\/td>\n<\/tr>\n<tr class=\"row-31\">\n\t<td class=\"column-1\">BNOLN139<\/td><td class=\"column-2\">a X-a<\/td><td class=\"column-3\">9.40<\/td><td class=\"column-4\">MEN\u021aIUNE<\/td><td class=\"column-5\"><\/td>\n<\/tr>\n<tr class=\"row-32\">\n\t<td class=\"column-1\">BNOLN142<\/td><td class=\"column-2\">a X-a<\/td><td class=\"column-3\">9.00<\/td><td class=\"column-4\"><\/td><td class=\"column-5\"><\/td>\n<\/tr>\n<tr class=\"row-33\">\n\t<td class=\"column-1\">BNOLN140<\/td><td class=\"column-2\">a X-a<\/td><td class=\"column-3\">8.00<\/td><td class=\"column-4\"><\/td><td class=\"column-5\"><\/td>\n<\/tr>\n<tr class=\"row-34\">\n\t<td class=\"column-1\">ABS<\/td><td class=\"column-2\">a X-a<\/td><td class=\"column-3\">ABS<\/td><td class=\"column-4\"><\/td><td class=\"column-5\"><\/td>\n<\/tr>\n<tr class=\"row-35\">\n\t<td class=\"column-1\">BNOLN136<\/td><td class=\"column-2\">a XI-a<\/td><td class=\"column-3\">9.85<\/td><td class=\"column-4\">I<\/td><td class=\"column-5\"><\/td>\n<\/tr>\n<tr class=\"row-36\">\n\t<td class=\"column-1\">BNOLN133<\/td><td class=\"column-2\">a XI-a<\/td><td class=\"column-3\">9.65<\/td><td class=\"column-4\">II<\/td><td class=\"column-5\"><\/td>\n<\/tr>\n<tr class=\"row-37\">\n\t<td class=\"column-1\">BNOLN134<\/td><td class=\"column-2\">a XI-a<\/td><td class=\"column-3\">9.45<\/td><td class=\"column-4\">III<\/td><td class=\"column-5\"><\/td>\n<\/tr>\n<tr class=\"row-38\">\n\t<td class=\"column-1\">BNOLN135<\/td><td class=\"column-2\">a XI-a<\/td><td class=\"column-3\">8.50<\/td><td class=\"column-4\">MEN\u021aIUNE<\/td><td class=\"column-5\"><\/td>\n<\/tr>\n<tr class=\"row-39\">\n\t<td class=\"column-1\">BNOLN132<\/td><td class=\"column-2\">a XI-a<\/td><td class=\"column-3\">8.00<\/td><td class=\"column-4\"><\/td><td class=\"column-5\"><\/td>\n<\/tr>\n<tr class=\"row-40\">\n\t<td class=\"column-1\">BNOLN147<\/td><td class=\"column-2\">a XII-a<\/td><td class=\"column-3\">9.85<\/td><td class=\"column-4\">I<\/td><td class=\"column-5\"><\/td>\n<\/tr>\n<tr class=\"row-41\">\n\t<td class=\"column-1\">BNOLN146<\/td><td class=\"column-2\">a XII-a<\/td><td class=\"column-3\">9.65<\/td><td class=\"column-4\">II<\/td><td class=\"column-5\"><\/td>\n<\/tr>\n<tr class=\"row-42\">\n\t<td class=\"column-1\">BNOLN149<\/td><td class=\"column-2\">a XII-a<\/td><td class=\"column-3\">9.55<\/td><td class=\"column-4\">III<\/td><td class=\"column-5\"><\/td>\n<\/tr>\n<tr class=\"row-43\">\n\t<td class=\"column-1\">BNOLN148<\/td><td class=\"column-2\">a XII-a<\/td><td class=\"column-3\">9.40<\/td><td class=\"column-4\">MEN\u021aIUNE<\/td><td class=\"column-5\"><\/td>\n<\/tr>\n<tr class=\"row-44\">\n\t<td class=\"column-1\">BNOLN145<\/td><td class=\"column-2\">a XII-a<\/td><td class=\"column-3\">9.30<\/td><td class=\"column-4\"><\/td><td class=\"column-5\"><\/td>\n<\/tr>\n<tr class=\"row-45\">\n\t<td class=\"column-1\">BNOLN144<\/td><td class=\"column-2\">a XII-a<\/td><td class=\"column-3\">9.20<\/td><td class=\"column-4\"><\/td><td class=\"column-5\"><\/td>\n<\/tr>\n<\/tbody>\n<\/table>\n<!-- #tablepress-9 from cache --><\/div>\n\t\t\t\t\t\t<\/div>\n\t\t\t\t<\/div>\n\t\t\t\t\t<\/div>\n\t\t\t\t<\/div>\n\t\t\t\t<\/div>\n\t\t","protected":false},"excerpt":{"rendered":"","protected":false},"author":2,"featured_media":0,"parent":0,"menu_order":0,"comment_status":"closed","ping_status":"closed","template":"","meta":{"footnotes":""},"class_list":["post-229","page","type-page","status-publish","hentry"],"yoast_head":"<!-- This site is optimized with the Yoast SEO plugin v22.5 - https:\/\/yoast.com\/wordpress\/plugins\/seo\/ -->\n<title>Rezultate S\u00e2rb\u0103 - Olimpiada Na\u0163ional\u0103 de Limbi Slave Materne 2024<\/title>\n<meta name=\"robots\" content=\"index, follow, max-snippet:-1, max-image-preview:large, max-video-preview:-1\" \/>\n<link rel=\"canonical\" href=\"https:\/\/olislave.infoel.ro\/index.php\/rezultate-sarba\/\" \/>\n<meta property=\"og:locale\" content=\"en_US\" \/>\n<meta property=\"og:type\" content=\"article\" \/>\n<meta property=\"og:title\" content=\"Rezultate S\u00e2rb\u0103 - Olimpiada Na\u0163ional\u0103 de Limbi Slave Materne 2024\" \/>\n<meta property=\"og:url\" content=\"https:\/\/olislave.infoel.ro\/index.php\/rezultate-sarba\/\" \/>\n<meta property=\"og:site_name\" content=\"Olimpiada Na\u0163ional\u0103 de Limbi Slave Materne 2024\" \/>\n<meta property=\"article:modified_time\" content=\"2024-04-28T10:29:56+00:00\" \/>\n<meta property=\"og:image\" content=\"https:\/\/olislave.infoel.ro\/wp-content\/uploads\/2024\/04\/logo.jpeg\" \/>\n\t<meta property=\"og:image:width\" content=\"1209\" \/>\n\t<meta property=\"og:image:height\" content=\"865\" \/>\n\t<meta property=\"og:image:type\" content=\"image\/jpeg\" \/>\n<meta name=\"twitter:card\" content=\"summary_large_image\" \/>\n<script type=\"application\/ld+json\" class=\"yoast-schema-graph\">{\"@context\":\"https:\/\/schema.org\",\"@graph\":[{\"@type\":\"WebPage\",\"@id\":\"https:\/\/olislave.infoel.ro\/index.php\/rezultate-sarba\/\",\"url\":\"https:\/\/olislave.infoel.ro\/index.php\/rezultate-sarba\/\",\"name\":\"Rezultate S\u00e2rb\u0103 - Olimpiada Na\u0163ional\u0103 de Limbi Slave Materne 2024\",\"isPartOf\":{\"@id\":\"https:\/\/olislave.infoel.ro\/#website\"},\"datePublished\":\"2024-04-27T17:46:29+00:00\",\"dateModified\":\"2024-04-28T10:29:56+00:00\",\"breadcrumb\":{\"@id\":\"https:\/\/olislave.infoel.ro\/index.php\/rezultate-sarba\/#breadcrumb\"},\"inLanguage\":\"en-US\",\"potentialAction\":[{\"@type\":\"ReadAction\",\"target\":[\"https:\/\/olislave.infoel.ro\/index.php\/rezultate-sarba\/\"]}]},{\"@type\":\"BreadcrumbList\",\"@id\":\"https:\/\/olislave.infoel.ro\/index.php\/rezultate-sarba\/#breadcrumb\",\"itemListElement\":[{\"@type\":\"ListItem\",\"position\":1,\"name\":\"Home\",\"item\":\"https:\/\/olislave.infoel.ro\/\"},{\"@type\":\"ListItem\",\"position\":2,\"name\":\"Rezultate S\u00e2rb\u0103\"}]},{\"@type\":\"WebSite\",\"@id\":\"https:\/\/olislave.infoel.ro\/#website\",\"url\":\"https:\/\/olislave.infoel.ro\/\",\"name\":\"Olimpiada Na\u0163ional\u0103 de Limbi Slave Materne 2024\",\"description\":\"Olimpiada na\u021bional\u0103 de limbi slave materne: ceh\u0103, s\u00e2rb\u0103, slovac\u0103 - 2024\",\"publisher\":{\"@id\":\"https:\/\/olislave.infoel.ro\/#organization\"},\"alternateName\":\"Olimpiada nationala de limbi slave materne: ceha, sarba, slovaca - 2024\",\"potentialAction\":[{\"@type\":\"SearchAction\",\"target\":{\"@type\":\"EntryPoint\",\"urlTemplate\":\"https:\/\/olislave.infoel.ro\/?s={search_term_string}\"},\"query-input\":\"required name=search_term_string\"}],\"inLanguage\":\"en-US\"},{\"@type\":\"Organization\",\"@id\":\"https:\/\/olislave.infoel.ro\/#organization\",\"name\":\"Olimpiada Na\u0163ional\u0103 de Limbi Slave Materne 2024\",\"url\":\"https:\/\/olislave.infoel.ro\/\",\"logo\":{\"@type\":\"ImageObject\",\"inLanguage\":\"en-US\",\"@id\":\"https:\/\/olislave.infoel.ro\/#\/schema\/logo\/image\/\",\"url\":\"http:\/\/olislave.infoel.ro\/wp-content\/uploads\/2024\/04\/logo-bg-remove.png\",\"contentUrl\":\"http:\/\/olislave.infoel.ro\/wp-content\/uploads\/2024\/04\/logo-bg-remove.png\",\"width\":1209,\"height\":865,\"caption\":\"Olimpiada Na\u0163ional\u0103 de Limbi Slave Materne 2024\"},\"image\":{\"@id\":\"https:\/\/olislave.infoel.ro\/#\/schema\/logo\/image\/\"}}]}<\/script>\n<!-- \/ Yoast SEO plugin. -->","yoast_head_json":{"title":"Rezultate S\u00e2rb\u0103 - Olimpiada Na\u0163ional\u0103 de Limbi Slave Materne 2024","robots":{"index":"index","follow":"follow","max-snippet":"max-snippet:-1","max-image-preview":"max-image-preview:large","max-video-preview":"max-video-preview:-1"},"canonical":"https:\/\/olislave.infoel.ro\/index.php\/rezultate-sarba\/","og_locale":"en_US","og_type":"article","og_title":"Rezultate S\u00e2rb\u0103 - Olimpiada Na\u0163ional\u0103 de Limbi Slave Materne 2024","og_url":"https:\/\/olislave.infoel.ro\/index.php\/rezultate-sarba\/","og_site_name":"Olimpiada Na\u0163ional\u0103 de Limbi Slave Materne 2024","article_modified_time":"2024-04-28T10:29:56+00:00","og_image":[{"width":1209,"height":865,"url":"https:\/\/olislave.infoel.ro\/wp-content\/uploads\/2024\/04\/logo.jpeg","type":"image\/jpeg"}],"twitter_card":"summary_large_image","schema":{"@context":"https:\/\/schema.org","@graph":[{"@type":"WebPage","@id":"https:\/\/olislave.infoel.ro\/index.php\/rezultate-sarba\/","url":"https:\/\/olislave.infoel.ro\/index.php\/rezultate-sarba\/","name":"Rezultate S\u00e2rb\u0103 - Olimpiada Na\u0163ional\u0103 de Limbi Slave Materne 2024","isPartOf":{"@id":"https:\/\/olislave.infoel.ro\/#website"},"datePublished":"2024-04-27T17:46:29+00:00","dateModified":"2024-04-28T10:29:56+00:00","breadcrumb":{"@id":"https:\/\/olislave.infoel.ro\/index.php\/rezultate-sarba\/#breadcrumb"},"inLanguage":"en-US","potentialAction":[{"@type":"ReadAction","target":["https:\/\/olislave.infoel.ro\/index.php\/rezultate-sarba\/"]}]},{"@type":"BreadcrumbList","@id":"https:\/\/olislave.infoel.ro\/index.php\/rezultate-sarba\/#breadcrumb","itemListElement":[{"@type":"ListItem","position":1,"name":"Home","item":"https:\/\/olislave.infoel.ro\/"},{"@type":"ListItem","position":2,"name":"Rezultate S\u00e2rb\u0103"}]},{"@type":"WebSite","@id":"https:\/\/olislave.infoel.ro\/#website","url":"https:\/\/olislave.infoel.ro\/","name":"Olimpiada Na\u0163ional\u0103 de Limbi Slave Materne 2024","description":"Olimpiada na\u021bional\u0103 de limbi slave materne: ceh\u0103, s\u00e2rb\u0103, slovac\u0103 - 2024","publisher":{"@id":"https:\/\/olislave.infoel.ro\/#organization"},"alternateName":"Olimpiada nationala de limbi slave materne: ceha, sarba, slovaca - 2024","potentialAction":[{"@type":"SearchAction","target":{"@type":"EntryPoint","urlTemplate":"https:\/\/olislave.infoel.ro\/?s={search_term_string}"},"query-input":"required name=search_term_string"}],"inLanguage":"en-US"},{"@type":"Organization","@id":"https:\/\/olislave.infoel.ro\/#organization","name":"Olimpiada Na\u0163ional\u0103 de Limbi Slave Materne 2024","url":"https:\/\/olislave.infoel.ro\/","logo":{"@type":"ImageObject","inLanguage":"en-US","@id":"https:\/\/olislave.infoel.ro\/#\/schema\/logo\/image\/","url":"http:\/\/olislave.infoel.ro\/wp-content\/uploads\/2024\/04\/logo-bg-remove.png","contentUrl":"http:\/\/olislave.infoel.ro\/wp-content\/uploads\/2024\/04\/logo-bg-remove.png","width":1209,"height":865,"caption":"Olimpiada Na\u0163ional\u0103 de Limbi Slave Materne 2024"},"image":{"@id":"https:\/\/olislave.infoel.ro\/#\/schema\/logo\/image\/"}}]}},"_links":{"self":[{"href":"https:\/\/olislave.infoel.ro\/index.php\/wp-json\/wp\/v2\/pages\/229","targetHints":{"allow":["GET"]}}],"collection":[{"href":"https:\/\/olislave.infoel.ro\/index.php\/wp-json\/wp\/v2\/pages"}],"about":[{"href":"https:\/\/olislave.infoel.ro\/index.php\/wp-json\/wp\/v2\/types\/page"}],"author":[{"embeddable":true,"href":"https:\/\/olislave.infoel.ro\/index.php\/wp-json\/wp\/v2\/users\/2"}],"replies":[{"embeddable":true,"href":"https:\/\/olislave.infoel.ro\/index.php\/wp-json\/wp\/v2\/comments?post=229"}],"version-history":[{"count":13,"href":"https:\/\/olislave.infoel.ro\/index.php\/wp-json\/wp\/v2\/pages\/229\/revisions"}],"predecessor-version":[{"id":340,"href":"https:\/\/olislave.infoel.ro\/index.php\/wp-json\/wp\/v2\/pages\/229\/revisions\/340"}],"wp:attachment":[{"href":"https:\/\/olislave.infoel.ro\/index.php\/wp-json\/wp\/v2\/media?parent=229"}],"curies":[{"name":"wp","href":"https:\/\/api.w.org\/{rel}","templated":true}]}}