{"id":234,"date":"2024-04-27T17:54:48","date_gmt":"2024-04-27T17:54:48","guid":{"rendered":"https:\/\/olislave.infoel.ro\/?page_id=234"},"modified":"2024-04-28T10:30:28","modified_gmt":"2024-04-28T10:30:28","slug":"rezultate-slovaca","status":"publish","type":"page","link":"https:\/\/olislave.infoel.ro\/index.php\/rezultate-slovaca\/","title":{"rendered":"Rezultate Slovac\u0103"},"content":{"rendered":"\t\t<div data-elementor-type=\"wp-page\" data-elementor-id=\"234\" class=\"elementor elementor-234\">\n\t\t\t\t<div class=\"elementor-element elementor-element-247253a e-flex e-con-boxed e-con e-parent\" data-id=\"247253a\" data-element_type=\"container\" data-e-type=\"container\">\n\t\t\t\t\t<div class=\"e-con-inner\">\n\t\t\t\t<div class=\"elementor-element elementor-element-3690b6b elementor-widget elementor-widget-shortcode\" data-id=\"3690b6b\" data-element_type=\"widget\" data-e-type=\"widget\" data-widget_type=\"shortcode.default\">\n\t\t\t\t<div class=\"elementor-widget-container\">\n\t\t\t\t\t\t\t<div class=\"elementor-shortcode\">\n<table id=\"tablepress-10\" class=\"tablepress tablepress-id-10\">\n<thead>\n<tr class=\"row-1\">\n\t<th class=\"column-1\"><strong>COD CANDIDAT<\/strong><\/th><th class=\"column-2\"><strong>CLASA<\/strong><\/th><th class=\"column-3\"><strong>CLASAMENT<\/strong><\/th><th class=\"column-4\"><strong>PUNCTAJ  INI\u021aIAL<\/strong><\/th>\n<\/tr>\n<\/thead>\n<tbody class=\"row-striping row-hover\">\n<tr class=\"row-2\">\n\t<td class=\"column-1\">BNOLN055<\/td><td class=\"column-2\">a V-a<\/td><td class=\"column-3\">I<\/td><td class=\"column-4\">90,5<\/td>\n<\/tr>\n<tr class=\"row-3\">\n\t<td class=\"column-1\">BNOLN050<\/td><td class=\"column-2\">a V-a<\/td><td class=\"column-3\">II<\/td><td class=\"column-4\">85<\/td>\n<\/tr>\n<tr class=\"row-4\">\n\t<td class=\"column-1\">BNOLN052<\/td><td class=\"column-2\">a V-a<\/td><td class=\"column-3\">III<\/td><td class=\"column-4\">83<\/td>\n<\/tr>\n<tr class=\"row-5\">\n\t<td class=\"column-1\">BNOLN051<\/td><td class=\"column-2\">a V-a<\/td><td class=\"column-3\">MEN\u021aIUNE<\/td><td class=\"column-4\">77,5<\/td>\n<\/tr>\n<tr class=\"row-6\">\n\t<td class=\"column-1\">BNOLN053<\/td><td class=\"column-2\">a V-a<\/td><td class=\"column-3\"><\/td><td class=\"column-4\">40,5<\/td>\n<\/tr>\n<tr class=\"row-7\">\n\t<td class=\"column-1\">BNOLN054<\/td><td class=\"column-2\">a V-a<\/td><td class=\"column-3\"><\/td><td class=\"column-4\">68<\/td>\n<\/tr>\n<tr class=\"row-8\">\n\t<td class=\"column-1\">BNOLN0065<\/td><td class=\"column-2\">a VI-a<\/td><td class=\"column-3\">I<\/td><td class=\"column-4\">96,5<\/td>\n<\/tr>\n<tr class=\"row-9\">\n\t<td class=\"column-1\">BNOLN068<\/td><td class=\"column-2\">a VI-a<\/td><td class=\"column-3\">II<\/td><td class=\"column-4\">96<\/td>\n<\/tr>\n<tr class=\"row-10\">\n\t<td class=\"column-1\">BNOLN070<\/td><td class=\"column-2\">a VI-a<\/td><td class=\"column-3\">III<\/td><td class=\"column-4\">95,5<\/td>\n<\/tr>\n<tr class=\"row-11\">\n\t<td class=\"column-1\">BNOLN066<\/td><td class=\"column-2\">a VI-a<\/td><td class=\"column-3\">MEN\u021aIUNE<\/td><td class=\"column-4\">94,5<\/td>\n<\/tr>\n<tr class=\"row-12\">\n\t<td class=\"column-1\">BNOLN069<\/td><td class=\"column-2\">a VI-a<\/td><td class=\"column-3\"><\/td><td class=\"column-4\">80,5<\/td>\n<\/tr>\n<tr class=\"row-13\">\n\t<td class=\"column-1\">BNOLN072<\/td><td class=\"column-2\">a VI-a<\/td><td class=\"column-3\"><\/td><td class=\"column-4\">77,5<\/td>\n<\/tr>\n<tr class=\"row-14\">\n\t<td class=\"column-1\">BNOLN071<\/td><td class=\"column-2\">a VI-a<\/td><td class=\"column-3\"><\/td><td class=\"column-4\">84<\/td>\n<\/tr>\n<tr class=\"row-15\">\n\t<td class=\"column-1\">BNOLN067<\/td><td class=\"column-2\">a VI-a<\/td><td class=\"column-3\"><\/td><td class=\"column-4\">78<\/td>\n<\/tr>\n<tr class=\"row-16\">\n\t<td class=\"column-1\">BNOLN073<\/td><td class=\"column-2\">a VII-a<\/td><td class=\"column-3\">I<\/td><td class=\"column-4\">84,5<\/td>\n<\/tr>\n<tr class=\"row-17\">\n\t<td class=\"column-1\">BNOLN078<\/td><td class=\"column-2\">a VII-a<\/td><td class=\"column-3\">II<\/td><td class=\"column-4\">80,5<\/td>\n<\/tr>\n<tr class=\"row-18\">\n\t<td class=\"column-1\">BNOLN079<\/td><td class=\"column-2\">a VII-a<\/td><td class=\"column-3\">III<\/td><td class=\"column-4\">77<\/td>\n<\/tr>\n<tr class=\"row-19\">\n\t<td class=\"column-1\">BNOLN080<\/td><td class=\"column-2\">a VII-a<\/td><td class=\"column-3\">MEN\u021aIUNE<\/td><td class=\"column-4\">72,5<\/td>\n<\/tr>\n<tr class=\"row-20\">\n\t<td class=\"column-1\">BNOLN076<\/td><td class=\"column-2\">a VII-a<\/td><td class=\"column-3\"><\/td><td class=\"column-4\">70,5<\/td>\n<\/tr>\n<tr class=\"row-21\">\n\t<td class=\"column-1\">BNOLN077<\/td><td class=\"column-2\">a VII-a<\/td><td class=\"column-3\"><\/td><td class=\"column-4\">69,5<\/td>\n<\/tr>\n<tr class=\"row-22\">\n\t<td class=\"column-1\">BNOLN074<\/td><td class=\"column-2\">a VII-a<\/td><td class=\"column-3\"><\/td><td class=\"column-4\">72<\/td>\n<\/tr>\n<tr class=\"row-23\">\n\t<td class=\"column-1\">BNOLN075<\/td><td class=\"column-2\">a VII-a<\/td><td class=\"column-3\"><\/td><td class=\"column-4\">62<\/td>\n<\/tr>\n<tr class=\"row-24\">\n\t<td class=\"column-1\">BNOLN063<\/td><td class=\"column-2\">a VIII-a<\/td><td class=\"column-3\">II<\/td><td class=\"column-4\">96,5<\/td>\n<\/tr>\n<tr class=\"row-25\">\n\t<td class=\"column-1\">BNOLN064<\/td><td class=\"column-2\">a VIII-a<\/td><td class=\"column-3\">III<\/td><td class=\"column-4\">95<\/td>\n<\/tr>\n<tr class=\"row-26\">\n\t<td class=\"column-1\">BNOLN060<\/td><td class=\"column-2\">a VIII-a<\/td><td class=\"column-3\"><\/td><td class=\"column-4\">90,5<\/td>\n<\/tr>\n<tr class=\"row-27\">\n\t<td class=\"column-1\">BNOLN062<\/td><td class=\"column-2\">a VIII-a<\/td><td class=\"column-3\"><\/td><td class=\"column-4\">88,5<\/td>\n<\/tr>\n<tr class=\"row-28\">\n\t<td class=\"column-1\">BNOLN061<\/td><td class=\"column-2\">a VIII-a<\/td><td class=\"column-3\">I<\/td><td class=\"column-4\">98<\/td>\n<\/tr>\n<tr class=\"row-29\">\n\t<td class=\"column-1\">BNOLN056<\/td><td class=\"column-2\">a VIII-a<\/td><td class=\"column-3\">III<\/td><td class=\"column-4\">95<\/td>\n<\/tr>\n<tr class=\"row-30\">\n\t<td class=\"column-1\">BNOLN058<\/td><td class=\"column-2\">a VIII-a<\/td><td class=\"column-3\">MEN\u021aIUNE<\/td><td class=\"column-4\">92<\/td>\n<\/tr>\n<tr class=\"row-31\">\n\t<td class=\"column-1\">BNOLN059<\/td><td class=\"column-2\">a VIII-a<\/td><td class=\"column-3\"><\/td><td class=\"column-4\">91<\/td>\n<\/tr>\n<tr class=\"row-32\">\n\t<td class=\"column-1\">BNOLN057<\/td><td class=\"column-2\">a VIII-a<\/td><td class=\"column-3\"><\/td><td class=\"column-4\">79<\/td>\n<\/tr>\n<tr class=\"row-33\">\n\t<td class=\"column-1\">BNOLN082<\/td><td class=\"column-2\">a IX-a<\/td><td class=\"column-3\">I<\/td><td class=\"column-4\">97,5<\/td>\n<\/tr>\n<tr class=\"row-34\">\n\t<td class=\"column-1\">BNOLN081<\/td><td class=\"column-2\">a IX-a<\/td><td class=\"column-3\">II<\/td><td class=\"column-4\">95,5<\/td>\n<\/tr>\n<tr class=\"row-35\">\n\t<td class=\"column-1\">BNOLN083<\/td><td class=\"column-2\">a IX-a<\/td><td class=\"column-3\">III<\/td><td class=\"column-4\">86,5<\/td>\n<\/tr>\n<tr class=\"row-36\">\n\t<td class=\"column-1\">BNOLN084<\/td><td class=\"column-2\">a IX-a<\/td><td class=\"column-3\">MEN\u021aIUNE<\/td><td class=\"column-4\">80<\/td>\n<\/tr>\n<tr class=\"row-37\">\n\t<td class=\"column-1\">BNOLN090<\/td><td class=\"column-2\">a X-a<\/td><td class=\"column-3\">I<\/td><td class=\"column-4\">96<\/td>\n<\/tr>\n<tr class=\"row-38\">\n\t<td class=\"column-1\">BNOLN088<\/td><td class=\"column-2\">a X-a<\/td><td class=\"column-3\">II<\/td><td class=\"column-4\">93<\/td>\n<\/tr>\n<tr class=\"row-39\">\n\t<td class=\"column-1\">BNOLN087<\/td><td class=\"column-2\">a X-a<\/td><td class=\"column-3\">III<\/td><td class=\"column-4\">90<\/td>\n<\/tr>\n<tr class=\"row-40\">\n\t<td class=\"column-1\">BNOLN089<\/td><td class=\"column-2\">a X-a<\/td><td class=\"column-3\">MEN\u021aIUNE<\/td><td class=\"column-4\">89,5<\/td>\n<\/tr>\n<tr class=\"row-41\">\n\t<td class=\"column-1\">BNOLN086<\/td><td class=\"column-2\">a X-a<\/td><td class=\"column-3\"><\/td><td class=\"column-4\">70<\/td>\n<\/tr>\n<tr class=\"row-42\">\n\t<td class=\"column-1\">BNOLN085<\/td><td class=\"column-2\">a X-a<\/td><td class=\"column-3\"><\/td><td class=\"column-4\">62<\/td>\n<\/tr>\n<tr class=\"row-43\">\n\t<td class=\"column-1\">BNOLN091<\/td><td class=\"column-2\">a X-a<\/td><td class=\"column-3\"><\/td><td class=\"column-4\">45<\/td>\n<\/tr>\n<tr class=\"row-44\">\n\t<td class=\"column-1\">BNOLN096<\/td><td class=\"column-2\">a XI-a<\/td><td class=\"column-3\">I<\/td><td class=\"column-4\">93,5<\/td>\n<\/tr>\n<tr class=\"row-45\">\n\t<td class=\"column-1\">BNOLN093<\/td><td class=\"column-2\">a XI-a<\/td><td class=\"column-3\">III<\/td><td class=\"column-4\">89,5<\/td>\n<\/tr>\n<tr class=\"row-46\">\n\t<td class=\"column-1\">BNOLN098<\/td><td class=\"column-2\">a XI-a<\/td><td class=\"column-3\">III<\/td><td class=\"column-4\">89,5<\/td>\n<\/tr>\n<tr class=\"row-47\">\n\t<td class=\"column-1\">BNOLN094<\/td><td class=\"column-2\">a XI-a<\/td><td class=\"column-3\">II<\/td><td class=\"column-4\">91<\/td>\n<\/tr>\n<tr class=\"row-48\">\n\t<td class=\"column-1\">BNOLN097<\/td><td class=\"column-2\">a XI-a<\/td><td class=\"column-3\">MEN\u021aIUNE<\/td><td class=\"column-4\">88<\/td>\n<\/tr>\n<tr class=\"row-49\">\n\t<td class=\"column-1\">BNOLN095<\/td><td class=\"column-2\">a XI-a<\/td><td class=\"column-3\"><\/td><td class=\"column-4\">83<\/td>\n<\/tr>\n<tr class=\"row-50\">\n\t<td class=\"column-1\">BNOLN092<\/td><td class=\"column-2\">a XI-a<\/td><td class=\"column-3\"><\/td><td class=\"column-4\">57<\/td>\n<\/tr>\n<tr class=\"row-51\">\n\t<td class=\"column-1\">BNOLN104<\/td><td class=\"column-2\">a XII-a<\/td><td class=\"column-3\">I<\/td><td class=\"column-4\">95,5<\/td>\n<\/tr>\n<tr class=\"row-52\">\n\t<td class=\"column-1\">BNOLN100<\/td><td class=\"column-2\">a XII-a<\/td><td class=\"column-3\">II<\/td><td class=\"column-4\">95<\/td>\n<\/tr>\n<tr class=\"row-53\">\n\t<td class=\"column-1\">BNOLN102<\/td><td class=\"column-2\">a XII-a<\/td><td class=\"column-3\">III<\/td><td class=\"column-4\">94,5<\/td>\n<\/tr>\n<tr class=\"row-54\">\n\t<td class=\"column-1\">BNOLN103<\/td><td class=\"column-2\">a XII-a<\/td><td class=\"column-3\">MEN\u021aIUNE<\/td><td class=\"column-4\">93,5<\/td>\n<\/tr>\n<tr class=\"row-55\">\n\t<td class=\"column-1\">BNOLN099<\/td><td class=\"column-2\">a XII-a<\/td><td class=\"column-3\"><\/td><td class=\"column-4\">69,5<\/td>\n<\/tr>\n<tr class=\"row-56\">\n\t<td class=\"column-1\">BNOLN105<\/td><td class=\"column-2\">a XII-a<\/td><td class=\"column-3\"><\/td><td class=\"column-4\">89<\/td>\n<\/tr>\n<tr class=\"row-57\">\n\t<td class=\"column-1\">BNOLN101<\/td><td class=\"column-2\">a XII-a<\/td><td class=\"column-3\"><\/td><td class=\"column-4\">88<\/td>\n<\/tr>\n<\/tbody>\n<\/table>\n<!-- #tablepress-10 from cache --><\/div>\n\t\t\t\t\t\t<\/div>\n\t\t\t\t<\/div>\n\t\t\t\t\t<\/div>\n\t\t\t\t<\/div>\n\t\t\t\t<\/div>\n\t\t","protected":false},"excerpt":{"rendered":"","protected":false},"author":2,"featured_media":0,"parent":0,"menu_order":0,"comment_status":"closed","ping_status":"closed","template":"","meta":{"footnotes":""},"class_list":["post-234","page","type-page","status-publish","hentry"],"yoast_head":"<!-- This site is optimized with the Yoast SEO plugin v22.5 - https:\/\/yoast.com\/wordpress\/plugins\/seo\/ -->\n<title>Rezultate Slovac\u0103 - Olimpiada Na\u0163ional\u0103 de Limbi Slave Materne 2024<\/title>\n<meta name=\"robots\" content=\"index, follow, max-snippet:-1, max-image-preview:large, max-video-preview:-1\" \/>\n<link rel=\"canonical\" href=\"https:\/\/olislave.infoel.ro\/index.php\/rezultate-slovaca\/\" \/>\n<meta property=\"og:locale\" content=\"en_US\" \/>\n<meta property=\"og:type\" content=\"article\" \/>\n<meta property=\"og:title\" content=\"Rezultate Slovac\u0103 - Olimpiada Na\u0163ional\u0103 de Limbi Slave Materne 2024\" \/>\n<meta property=\"og:url\" content=\"https:\/\/olislave.infoel.ro\/index.php\/rezultate-slovaca\/\" \/>\n<meta property=\"og:site_name\" content=\"Olimpiada Na\u0163ional\u0103 de Limbi Slave Materne 2024\" \/>\n<meta property=\"article:modified_time\" content=\"2024-04-28T10:30:28+00:00\" \/>\n<meta property=\"og:image\" content=\"https:\/\/olislave.infoel.ro\/wp-content\/uploads\/2024\/04\/logo.jpeg\" \/>\n\t<meta property=\"og:image:width\" content=\"1209\" \/>\n\t<meta property=\"og:image:height\" content=\"865\" \/>\n\t<meta property=\"og:image:type\" content=\"image\/jpeg\" \/>\n<meta name=\"twitter:card\" content=\"summary_large_image\" \/>\n<script type=\"application\/ld+json\" class=\"yoast-schema-graph\">{\"@context\":\"https:\/\/schema.org\",\"@graph\":[{\"@type\":\"WebPage\",\"@id\":\"https:\/\/olislave.infoel.ro\/index.php\/rezultate-slovaca\/\",\"url\":\"https:\/\/olislave.infoel.ro\/index.php\/rezultate-slovaca\/\",\"name\":\"Rezultate Slovac\u0103 - Olimpiada Na\u0163ional\u0103 de Limbi Slave Materne 2024\",\"isPartOf\":{\"@id\":\"https:\/\/olislave.infoel.ro\/#website\"},\"datePublished\":\"2024-04-27T17:54:48+00:00\",\"dateModified\":\"2024-04-28T10:30:28+00:00\",\"breadcrumb\":{\"@id\":\"https:\/\/olislave.infoel.ro\/index.php\/rezultate-slovaca\/#breadcrumb\"},\"inLanguage\":\"en-US\",\"potentialAction\":[{\"@type\":\"ReadAction\",\"target\":[\"https:\/\/olislave.infoel.ro\/index.php\/rezultate-slovaca\/\"]}]},{\"@type\":\"BreadcrumbList\",\"@id\":\"https:\/\/olislave.infoel.ro\/index.php\/rezultate-slovaca\/#breadcrumb\",\"itemListElement\":[{\"@type\":\"ListItem\",\"position\":1,\"name\":\"Home\",\"item\":\"https:\/\/olislave.infoel.ro\/\"},{\"@type\":\"ListItem\",\"position\":2,\"name\":\"Rezultate Slovac\u0103\"}]},{\"@type\":\"WebSite\",\"@id\":\"https:\/\/olislave.infoel.ro\/#website\",\"url\":\"https:\/\/olislave.infoel.ro\/\",\"name\":\"Olimpiada Na\u0163ional\u0103 de Limbi Slave Materne 2024\",\"description\":\"Olimpiada na\u021bional\u0103 de limbi slave materne: ceh\u0103, s\u00e2rb\u0103, slovac\u0103 - 2024\",\"publisher\":{\"@id\":\"https:\/\/olislave.infoel.ro\/#organization\"},\"alternateName\":\"Olimpiada nationala de limbi slave materne: ceha, sarba, slovaca - 2024\",\"potentialAction\":[{\"@type\":\"SearchAction\",\"target\":{\"@type\":\"EntryPoint\",\"urlTemplate\":\"https:\/\/olislave.infoel.ro\/?s={search_term_string}\"},\"query-input\":\"required name=search_term_string\"}],\"inLanguage\":\"en-US\"},{\"@type\":\"Organization\",\"@id\":\"https:\/\/olislave.infoel.ro\/#organization\",\"name\":\"Olimpiada Na\u0163ional\u0103 de Limbi Slave Materne 2024\",\"url\":\"https:\/\/olislave.infoel.ro\/\",\"logo\":{\"@type\":\"ImageObject\",\"inLanguage\":\"en-US\",\"@id\":\"https:\/\/olislave.infoel.ro\/#\/schema\/logo\/image\/\",\"url\":\"http:\/\/olislave.infoel.ro\/wp-content\/uploads\/2024\/04\/logo-bg-remove.png\",\"contentUrl\":\"http:\/\/olislave.infoel.ro\/wp-content\/uploads\/2024\/04\/logo-bg-remove.png\",\"width\":1209,\"height\":865,\"caption\":\"Olimpiada Na\u0163ional\u0103 de Limbi Slave Materne 2024\"},\"image\":{\"@id\":\"https:\/\/olislave.infoel.ro\/#\/schema\/logo\/image\/\"}}]}<\/script>\n<!-- \/ Yoast SEO plugin. -->","yoast_head_json":{"title":"Rezultate Slovac\u0103 - Olimpiada Na\u0163ional\u0103 de Limbi Slave Materne 2024","robots":{"index":"index","follow":"follow","max-snippet":"max-snippet:-1","max-image-preview":"max-image-preview:large","max-video-preview":"max-video-preview:-1"},"canonical":"https:\/\/olislave.infoel.ro\/index.php\/rezultate-slovaca\/","og_locale":"en_US","og_type":"article","og_title":"Rezultate Slovac\u0103 - Olimpiada Na\u0163ional\u0103 de Limbi Slave Materne 2024","og_url":"https:\/\/olislave.infoel.ro\/index.php\/rezultate-slovaca\/","og_site_name":"Olimpiada Na\u0163ional\u0103 de Limbi Slave Materne 2024","article_modified_time":"2024-04-28T10:30:28+00:00","og_image":[{"width":1209,"height":865,"url":"https:\/\/olislave.infoel.ro\/wp-content\/uploads\/2024\/04\/logo.jpeg","type":"image\/jpeg"}],"twitter_card":"summary_large_image","schema":{"@context":"https:\/\/schema.org","@graph":[{"@type":"WebPage","@id":"https:\/\/olislave.infoel.ro\/index.php\/rezultate-slovaca\/","url":"https:\/\/olislave.infoel.ro\/index.php\/rezultate-slovaca\/","name":"Rezultate Slovac\u0103 - Olimpiada Na\u0163ional\u0103 de Limbi Slave Materne 2024","isPartOf":{"@id":"https:\/\/olislave.infoel.ro\/#website"},"datePublished":"2024-04-27T17:54:48+00:00","dateModified":"2024-04-28T10:30:28+00:00","breadcrumb":{"@id":"https:\/\/olislave.infoel.ro\/index.php\/rezultate-slovaca\/#breadcrumb"},"inLanguage":"en-US","potentialAction":[{"@type":"ReadAction","target":["https:\/\/olislave.infoel.ro\/index.php\/rezultate-slovaca\/"]}]},{"@type":"BreadcrumbList","@id":"https:\/\/olislave.infoel.ro\/index.php\/rezultate-slovaca\/#breadcrumb","itemListElement":[{"@type":"ListItem","position":1,"name":"Home","item":"https:\/\/olislave.infoel.ro\/"},{"@type":"ListItem","position":2,"name":"Rezultate Slovac\u0103"}]},{"@type":"WebSite","@id":"https:\/\/olislave.infoel.ro\/#website","url":"https:\/\/olislave.infoel.ro\/","name":"Olimpiada Na\u0163ional\u0103 de Limbi Slave Materne 2024","description":"Olimpiada na\u021bional\u0103 de limbi slave materne: ceh\u0103, s\u00e2rb\u0103, slovac\u0103 - 2024","publisher":{"@id":"https:\/\/olislave.infoel.ro\/#organization"},"alternateName":"Olimpiada nationala de limbi slave materne: ceha, sarba, slovaca - 2024","potentialAction":[{"@type":"SearchAction","target":{"@type":"EntryPoint","urlTemplate":"https:\/\/olislave.infoel.ro\/?s={search_term_string}"},"query-input":"required name=search_term_string"}],"inLanguage":"en-US"},{"@type":"Organization","@id":"https:\/\/olislave.infoel.ro\/#organization","name":"Olimpiada Na\u0163ional\u0103 de Limbi Slave Materne 2024","url":"https:\/\/olislave.infoel.ro\/","logo":{"@type":"ImageObject","inLanguage":"en-US","@id":"https:\/\/olislave.infoel.ro\/#\/schema\/logo\/image\/","url":"http:\/\/olislave.infoel.ro\/wp-content\/uploads\/2024\/04\/logo-bg-remove.png","contentUrl":"http:\/\/olislave.infoel.ro\/wp-content\/uploads\/2024\/04\/logo-bg-remove.png","width":1209,"height":865,"caption":"Olimpiada Na\u0163ional\u0103 de Limbi Slave Materne 2024"},"image":{"@id":"https:\/\/olislave.infoel.ro\/#\/schema\/logo\/image\/"}}]}},"_links":{"self":[{"href":"https:\/\/olislave.infoel.ro\/index.php\/wp-json\/wp\/v2\/pages\/234","targetHints":{"allow":["GET"]}}],"collection":[{"href":"https:\/\/olislave.infoel.ro\/index.php\/wp-json\/wp\/v2\/pages"}],"about":[{"href":"https:\/\/olislave.infoel.ro\/index.php\/wp-json\/wp\/v2\/types\/page"}],"author":[{"embeddable":true,"href":"https:\/\/olislave.infoel.ro\/index.php\/wp-json\/wp\/v2\/users\/2"}],"replies":[{"embeddable":true,"href":"https:\/\/olislave.infoel.ro\/index.php\/wp-json\/wp\/v2\/comments?post=234"}],"version-history":[{"count":13,"href":"https:\/\/olislave.infoel.ro\/index.php\/wp-json\/wp\/v2\/pages\/234\/revisions"}],"predecessor-version":[{"id":345,"href":"https:\/\/olislave.infoel.ro\/index.php\/wp-json\/wp\/v2\/pages\/234\/revisions\/345"}],"wp:attachment":[{"href":"https:\/\/olislave.infoel.ro\/index.php\/wp-json\/wp\/v2\/media?parent=234"}],"curies":[{"name":"wp","href":"https:\/\/api.w.org\/{rel}","templated":true}]}}