{"id":31,"date":"2024-04-12T20:06:28","date_gmt":"2024-04-12T20:06:28","guid":{"rendered":"https:\/\/olislave.infoel.ro\/?page_id=31"},"modified":"2024-04-18T13:50:00","modified_gmt":"2024-04-18T13:50:00","slug":"program-participanti","status":"publish","type":"page","link":"https:\/\/olislave.infoel.ro\/index.php\/program-participanti\/","title":{"rendered":"Program Participan\u021bi"},"content":{"rendered":"\t\t<div data-elementor-type=\"wp-page\" data-elementor-id=\"31\" class=\"elementor elementor-31\">\n\t\t\t\t<div class=\"elementor-element elementor-element-b4129a0 e-flex e-con-boxed e-con e-parent\" data-id=\"b4129a0\" data-element_type=\"container\" data-e-type=\"container\">\n\t\t\t\t\t<div class=\"e-con-inner\">\n\t\t\t\t<div class=\"elementor-element elementor-element-bf1fe76 elementor-widget elementor-widget-shortcode\" data-id=\"bf1fe76\" data-element_type=\"widget\" data-e-type=\"widget\" data-widget_type=\"shortcode.default\">\n\t\t\t\t<div class=\"elementor-widget-container\">\n\t\t\t\t\t\t\t<div class=\"elementor-shortcode\">\n<table id=\"tablepress-3\" class=\"tablepress tablepress-id-3 tbody-has-connected-cells\">\n<thead>\n<tr class=\"row-1\">\n\t<th class=\"column-1\">Data<\/th><th class=\"column-2\">Interval orar<\/th><th class=\"column-3\">Activitate<\/th><th class=\"column-4\">Loc de desf\u0103\u0219urare<\/th>\n<\/tr>\n<\/thead>\n<tbody class=\"row-striping row-hover\">\n<tr class=\"row-2\">\n\t<td rowspan=\"3\" class=\"column-1\">26.04<\/td><td class=\"column-2\">p\u00e2n\u0103 la ora 16:30<\/td><td class=\"column-3\">Cazarea participan\u021bilor<\/td><td class=\"column-4\"><strong>Limba Matern\u0103 Ceh\u0103 \u0219i Limba Matern\u0103 S\u00e2rb\u0103, Hotel Bistri\u0163a<\/strong><br \/>\nPiata Petru Rares nr. 2, Bistri\u0163a<br \/>\n<strong>Limba Matern\u0103 Slovac\u0103 Hotel Coroana de Aur<\/strong><br \/>\nPiata Petru Rare\u015f nr.4 , Bistri\u0163a<\/td>\n<\/tr>\n<tr class=\"row-3\">\n\t<td class=\"column-2\">17:00<\/td><td class=\"column-3\">Deschidere Festiv\u0103<\/td><td class=\"column-4\"><strong>AULA Universit\u0103\u021bii Babe\u0219-Bolyai<br \/>\nCluj-Napoca, Extensia<br \/>\nUniversitar\u0103 Bistri\u0163a<br \/>\n<\/strong>Str. Andrei Mure\u0219anu 3-5,<br \/>\nBistri\u021ba<\/td>\n<\/tr>\n<tr class=\"row-4\">\n\t<td class=\"column-2\">19:00-20:00<\/td><td class=\"column-3\">Cin\u0103<\/td><td class=\"column-4\">Hotel Bistri\u0163a<br \/>\nHotel Coroana de Aur<\/td>\n<\/tr>\n<tr class=\"row-5\">\n\t<td rowspan=\"9\" class=\"column-1\">27.04<\/td><td class=\"column-2\">8:00 - 9:00<\/td><td class=\"column-3\">Mic dejun<\/td><td class=\"column-4\">Hotel Bistri\u0163a<br \/>\nHotel Coroana de Aur<\/td>\n<\/tr>\n<tr class=\"row-6\">\n\t<td class=\"column-2\">9:00-9:30<\/td><td class=\"column-3\">Acces candida\u021bi \u00een s\u0103lile de<br \/>\nexamen<\/td><td class=\"column-4\">Colegiul Tehnic INFOEL<br \/>\nStrada Calea Moldovei Nr. 20,<br \/>\nBistri\u021ba<\/td>\n<\/tr>\n<tr class=\"row-7\">\n\t<td class=\"column-2\">9:30-9:50<\/td><td class=\"column-3\">Instructaj candida\u021bi<\/td><td class=\"column-4\">Colegiul Tehnic INFOEL<\/td>\n<\/tr>\n<tr class=\"row-8\">\n\t<td class=\"column-2\">10:00-13:00<\/td><td class=\"column-3\">Prob\u0103 scris\u0103<\/td><td class=\"column-4\">Colegiul Tehnic INFOEL<\/td>\n<\/tr>\n<tr class=\"row-9\">\n\t<td class=\"column-2\">13:30-15:00<\/td><td class=\"column-3\">Pr\u00e2nz<\/td><td class=\"column-4\">Hotel Bistri\u0163a<br \/>\nHotel Coroana de Aur<\/td>\n<\/tr>\n<tr class=\"row-10\">\n\t<td class=\"column-2\">16:00-19:00<\/td><td class=\"column-3\">La pas prin Bistri\u021ba<\/td><td class=\"column-4\">Municipiul Bistri\u0163a<\/td>\n<\/tr>\n<tr class=\"row-11\">\n\t<td class=\"column-2\">19:00-20:00<\/td><td class=\"column-3\">Cin\u0103<\/td><td class=\"column-4\">Hotel Bistri\u0163a<br \/>\nHotel Coroana de Aur<\/td>\n<\/tr>\n<tr class=\"row-12\">\n\t<td class=\"column-2\">21:00<\/td><td class=\"column-3\">Afi\u0219are rezultate<\/td><td class=\"column-4\">Colegiul Tehnic INFOEL<\/td>\n<\/tr>\n<tr class=\"row-13\">\n\t<td class=\"column-2\">21:00-22:00<\/td><td class=\"column-3\">Depunere contesta\u021bii<\/td><td class=\"column-4\">Colegiul Tehnic INFOEL<\/td>\n<\/tr>\n<tr class=\"row-14\">\n\t<td rowspan=\"6\" class=\"column-1\">28.04<\/td><td class=\"column-2\">8:00 - 9:00<\/td><td class=\"column-3\">Mic dejun<\/td><td class=\"column-4\">Hotel Bistri\u0163a<br \/>\nHotel Coroana de Aur<\/td>\n<\/tr>\n<tr class=\"row-15\">\n\t<td class=\"column-2\">9:00-12:00<\/td><td class=\"column-3\">La pas prin Bistri\u021ba<\/td><td class=\"column-4\">Municipiul Bistri\u0163a<\/td>\n<\/tr>\n<tr class=\"row-16\">\n\t<td class=\"column-2\">12:30<\/td><td class=\"column-3\">Afi\u0219are rezultate finale<\/td><td class=\"column-4\">Colegiul Tehnic INFOEL<\/td>\n<\/tr>\n<tr class=\"row-17\">\n\t<td class=\"column-2\">13:00-15:00<\/td><td class=\"column-3\">Pr\u00e2nz<\/td><td class=\"column-4\">Hotel Bistri\u0163a<br \/>\nHotel Coroana de Aur<\/td>\n<\/tr>\n<tr class=\"row-18\">\n\t<td class=\"column-2\">15:00-18:30<\/td><td class=\"column-3\">Vizit\u0103 la Castelul Teleki<\/td><td class=\"column-4\">Localitatea Posmu\u015f, jude\u0163ul<br \/>\nBistri\u0163a-N\u0103s\u0103ud<\/td>\n<\/tr>\n<tr class=\"row-19\">\n\t<td class=\"column-2\">19:00-21:00<\/td><td class=\"column-3\">Cin\u0103<\/td><td class=\"column-4\">Hotel Bistri\u0163a<br \/>\nHotel Coroana de Aur<\/td>\n<\/tr>\n<tr class=\"row-20\">\n\t<td rowspan=\"4\" class=\"column-1\">29.04<\/td><td class=\"column-2\">8:00-9:00<\/td><td class=\"column-3\">Mic dejun<\/td><td class=\"column-4\">Hotel Bistri\u0163a<br \/>\nHotel Coroana de Aur<\/td>\n<\/tr>\n<tr class=\"row-21\">\n\t<td class=\"column-2\">9:00-9:30<\/td><td class=\"column-3\">Predare camere<\/td><td class=\"column-4\">Hotel Bistri\u021ba<\/td>\n<\/tr>\n<tr class=\"row-22\">\n\t<td class=\"column-2\">10:00-12:00<\/td><td class=\"column-3\">Festvitate de premiere \u015fi<br \/>\n\u00eenchidere eveniment<\/td><td class=\"column-4\"><strong>AULA Universit\u0103\u021bii Babe\u0219-Bolyai<br \/>\nCluj-Napoca, Extensia<br \/>\nUniversitar\u0103 Bistri\u0163a<\/strong><\/td>\n<\/tr>\n<tr class=\"row-23\">\n\t<td class=\"column-2\">12:00<\/td><td class=\"column-3\">Plecare participan\u021bi<\/td><td class=\"column-4\"><\/td>\n<\/tr>\n<\/tbody>\n<\/table>\n<!-- #tablepress-3 from cache --><\/div>\n\t\t\t\t\t\t<\/div>\n\t\t\t\t<\/div>\n\t\t\t\t\t<\/div>\n\t\t\t\t<\/div>\n\t\t\t\t<\/div>\n\t\t","protected":false},"excerpt":{"rendered":"","protected":false},"author":2,"featured_media":0,"parent":0,"menu_order":0,"comment_status":"closed","ping_status":"closed","template":"","meta":{"footnotes":""},"class_list":["post-31","page","type-page","status-publish","hentry"],"yoast_head":"<!-- This site is optimized with the Yoast SEO plugin v22.5 - https:\/\/yoast.com\/wordpress\/plugins\/seo\/ -->\n<title>Program Participan\u021bi - Olimpiada Na\u0163ional\u0103 de Limbi Slave Materne 2024<\/title>\n<meta name=\"robots\" content=\"index, follow, max-snippet:-1, max-image-preview:large, max-video-preview:-1\" \/>\n<link rel=\"canonical\" href=\"https:\/\/olislave.infoel.ro\/index.php\/program-participanti\/\" \/>\n<meta property=\"og:locale\" content=\"en_US\" \/>\n<meta property=\"og:type\" content=\"article\" \/>\n<meta property=\"og:title\" content=\"Program Participan\u021bi - Olimpiada Na\u0163ional\u0103 de Limbi Slave Materne 2024\" \/>\n<meta property=\"og:url\" content=\"https:\/\/olislave.infoel.ro\/index.php\/program-participanti\/\" \/>\n<meta property=\"og:site_name\" content=\"Olimpiada Na\u0163ional\u0103 de Limbi Slave Materne 2024\" \/>\n<meta property=\"article:modified_time\" content=\"2024-04-18T13:50:00+00:00\" \/>\n<meta property=\"og:image\" content=\"https:\/\/olislave.infoel.ro\/wp-content\/uploads\/2024\/04\/logo.jpeg\" \/>\n\t<meta property=\"og:image:width\" content=\"1209\" \/>\n\t<meta property=\"og:image:height\" content=\"865\" \/>\n\t<meta property=\"og:image:type\" content=\"image\/jpeg\" \/>\n<meta name=\"twitter:card\" content=\"summary_large_image\" \/>\n<script type=\"application\/ld+json\" class=\"yoast-schema-graph\">{\"@context\":\"https:\/\/schema.org\",\"@graph\":[{\"@type\":\"WebPage\",\"@id\":\"https:\/\/olislave.infoel.ro\/index.php\/program-participanti\/\",\"url\":\"https:\/\/olislave.infoel.ro\/index.php\/program-participanti\/\",\"name\":\"Program Participan\u021bi - Olimpiada Na\u0163ional\u0103 de Limbi Slave Materne 2024\",\"isPartOf\":{\"@id\":\"https:\/\/olislave.infoel.ro\/#website\"},\"datePublished\":\"2024-04-12T20:06:28+00:00\",\"dateModified\":\"2024-04-18T13:50:00+00:00\",\"breadcrumb\":{\"@id\":\"https:\/\/olislave.infoel.ro\/index.php\/program-participanti\/#breadcrumb\"},\"inLanguage\":\"en-US\",\"potentialAction\":[{\"@type\":\"ReadAction\",\"target\":[\"https:\/\/olislave.infoel.ro\/index.php\/program-participanti\/\"]}]},{\"@type\":\"BreadcrumbList\",\"@id\":\"https:\/\/olislave.infoel.ro\/index.php\/program-participanti\/#breadcrumb\",\"itemListElement\":[{\"@type\":\"ListItem\",\"position\":1,\"name\":\"Home\",\"item\":\"https:\/\/olislave.infoel.ro\/\"},{\"@type\":\"ListItem\",\"position\":2,\"name\":\"Program Participan\u021bi\"}]},{\"@type\":\"WebSite\",\"@id\":\"https:\/\/olislave.infoel.ro\/#website\",\"url\":\"https:\/\/olislave.infoel.ro\/\",\"name\":\"Olimpiada Na\u0163ional\u0103 de Limbi Slave Materne 2024\",\"description\":\"Olimpiada na\u021bional\u0103 de limbi slave materne: ceh\u0103, s\u00e2rb\u0103, slovac\u0103 - 2024\",\"publisher\":{\"@id\":\"https:\/\/olislave.infoel.ro\/#organization\"},\"alternateName\":\"Olimpiada nationala de limbi slave materne: ceha, sarba, slovaca - 2024\",\"potentialAction\":[{\"@type\":\"SearchAction\",\"target\":{\"@type\":\"EntryPoint\",\"urlTemplate\":\"https:\/\/olislave.infoel.ro\/?s={search_term_string}\"},\"query-input\":\"required name=search_term_string\"}],\"inLanguage\":\"en-US\"},{\"@type\":\"Organization\",\"@id\":\"https:\/\/olislave.infoel.ro\/#organization\",\"name\":\"Olimpiada Na\u0163ional\u0103 de Limbi Slave Materne 2024\",\"url\":\"https:\/\/olislave.infoel.ro\/\",\"logo\":{\"@type\":\"ImageObject\",\"inLanguage\":\"en-US\",\"@id\":\"https:\/\/olislave.infoel.ro\/#\/schema\/logo\/image\/\",\"url\":\"http:\/\/olislave.infoel.ro\/wp-content\/uploads\/2024\/04\/logo-bg-remove.png\",\"contentUrl\":\"http:\/\/olislave.infoel.ro\/wp-content\/uploads\/2024\/04\/logo-bg-remove.png\",\"width\":1209,\"height\":865,\"caption\":\"Olimpiada Na\u0163ional\u0103 de Limbi Slave Materne 2024\"},\"image\":{\"@id\":\"https:\/\/olislave.infoel.ro\/#\/schema\/logo\/image\/\"}}]}<\/script>\n<!-- \/ Yoast SEO plugin. -->","yoast_head_json":{"title":"Program Participan\u021bi - Olimpiada Na\u0163ional\u0103 de Limbi Slave Materne 2024","robots":{"index":"index","follow":"follow","max-snippet":"max-snippet:-1","max-image-preview":"max-image-preview:large","max-video-preview":"max-video-preview:-1"},"canonical":"https:\/\/olislave.infoel.ro\/index.php\/program-participanti\/","og_locale":"en_US","og_type":"article","og_title":"Program Participan\u021bi - Olimpiada Na\u0163ional\u0103 de Limbi Slave Materne 2024","og_url":"https:\/\/olislave.infoel.ro\/index.php\/program-participanti\/","og_site_name":"Olimpiada Na\u0163ional\u0103 de Limbi Slave Materne 2024","article_modified_time":"2024-04-18T13:50:00+00:00","og_image":[{"width":1209,"height":865,"url":"https:\/\/olislave.infoel.ro\/wp-content\/uploads\/2024\/04\/logo.jpeg","type":"image\/jpeg"}],"twitter_card":"summary_large_image","schema":{"@context":"https:\/\/schema.org","@graph":[{"@type":"WebPage","@id":"https:\/\/olislave.infoel.ro\/index.php\/program-participanti\/","url":"https:\/\/olislave.infoel.ro\/index.php\/program-participanti\/","name":"Program Participan\u021bi - Olimpiada Na\u0163ional\u0103 de Limbi Slave Materne 2024","isPartOf":{"@id":"https:\/\/olislave.infoel.ro\/#website"},"datePublished":"2024-04-12T20:06:28+00:00","dateModified":"2024-04-18T13:50:00+00:00","breadcrumb":{"@id":"https:\/\/olislave.infoel.ro\/index.php\/program-participanti\/#breadcrumb"},"inLanguage":"en-US","potentialAction":[{"@type":"ReadAction","target":["https:\/\/olislave.infoel.ro\/index.php\/program-participanti\/"]}]},{"@type":"BreadcrumbList","@id":"https:\/\/olislave.infoel.ro\/index.php\/program-participanti\/#breadcrumb","itemListElement":[{"@type":"ListItem","position":1,"name":"Home","item":"https:\/\/olislave.infoel.ro\/"},{"@type":"ListItem","position":2,"name":"Program Participan\u021bi"}]},{"@type":"WebSite","@id":"https:\/\/olislave.infoel.ro\/#website","url":"https:\/\/olislave.infoel.ro\/","name":"Olimpiada Na\u0163ional\u0103 de Limbi Slave Materne 2024","description":"Olimpiada na\u021bional\u0103 de limbi slave materne: ceh\u0103, s\u00e2rb\u0103, slovac\u0103 - 2024","publisher":{"@id":"https:\/\/olislave.infoel.ro\/#organization"},"alternateName":"Olimpiada nationala de limbi slave materne: ceha, sarba, slovaca - 2024","potentialAction":[{"@type":"SearchAction","target":{"@type":"EntryPoint","urlTemplate":"https:\/\/olislave.infoel.ro\/?s={search_term_string}"},"query-input":"required name=search_term_string"}],"inLanguage":"en-US"},{"@type":"Organization","@id":"https:\/\/olislave.infoel.ro\/#organization","name":"Olimpiada Na\u0163ional\u0103 de Limbi Slave Materne 2024","url":"https:\/\/olislave.infoel.ro\/","logo":{"@type":"ImageObject","inLanguage":"en-US","@id":"https:\/\/olislave.infoel.ro\/#\/schema\/logo\/image\/","url":"http:\/\/olislave.infoel.ro\/wp-content\/uploads\/2024\/04\/logo-bg-remove.png","contentUrl":"http:\/\/olislave.infoel.ro\/wp-content\/uploads\/2024\/04\/logo-bg-remove.png","width":1209,"height":865,"caption":"Olimpiada Na\u0163ional\u0103 de Limbi Slave Materne 2024"},"image":{"@id":"https:\/\/olislave.infoel.ro\/#\/schema\/logo\/image\/"}}]}},"_links":{"self":[{"href":"https:\/\/olislave.infoel.ro\/index.php\/wp-json\/wp\/v2\/pages\/31","targetHints":{"allow":["GET"]}}],"collection":[{"href":"https:\/\/olislave.infoel.ro\/index.php\/wp-json\/wp\/v2\/pages"}],"about":[{"href":"https:\/\/olislave.infoel.ro\/index.php\/wp-json\/wp\/v2\/types\/page"}],"author":[{"embeddable":true,"href":"https:\/\/olislave.infoel.ro\/index.php\/wp-json\/wp\/v2\/users\/2"}],"replies":[{"embeddable":true,"href":"https:\/\/olislave.infoel.ro\/index.php\/wp-json\/wp\/v2\/comments?post=31"}],"version-history":[{"count":8,"href":"https:\/\/olislave.infoel.ro\/index.php\/wp-json\/wp\/v2\/pages\/31\/revisions"}],"predecessor-version":[{"id":219,"href":"https:\/\/olislave.infoel.ro\/index.php\/wp-json\/wp\/v2\/pages\/31\/revisions\/219"}],"wp:attachment":[{"href":"https:\/\/olislave.infoel.ro\/index.php\/wp-json\/wp\/v2\/media?parent=31"}],"curies":[{"name":"wp","href":"https:\/\/api.w.org\/{rel}","templated":true}]}}